{"id":32808,"date":"2019-09-17T13:21:34","date_gmt":"2019-09-17T13:21:34","guid":{"rendered":"https:\/\/www.aleakpro.com\/?page_id=32808"},"modified":"2022-07-18T13:21:26","modified_gmt":"2022-07-18T13:21:26","slug":"politica-de-cookies","status":"publish","type":"page","link":"https:\/\/www.aleakpro.com\/es\/politica-de-cookies\/","title":{"rendered":"Pol\u00edtica de Cookies"},"content":{"rendered":"<div class=\"wpb-content-wrapper\"><p>[vc_row][vc_column][vc_empty_space][vc_custom_heading source=\u00bbpost_title\u00bb font_container=\u00bbtag:h1|text_align:left|color:%23218b86&#8243; use_theme_fonts=\u00bbyes\u00bb][vc_empty_space][\/vc_column][\/vc_row][vc_row][vc_column][vc_custom_heading text=\u00bb\u00bfQu\u00e9 son las Cookies?\u00bb font_container=\u00bbtag:h2|font_size:27px|text_align:left|line_height:30px\u00bb use_theme_fonts=\u00bbyes\u00bb][vc_empty_space height=\u00bb15px\u00bb][vc_column_text css_animation=\u00bbfadeIn\u00bb]Una cookie es un archivo o dispositivo que se descarga en el equipo terminal de un usuario con la finalidad de almacenar datos que podr\u00e1n ser actualizados y recuperados por la entidad responsable de su instalaci\u00f3n. Es decir, es un fichero que se descarga en su ordenador al acceder a determinadas p\u00e1ginas web. Las cookies permiten a una p\u00e1gina web, entre otras cosas, almacenar y recuperar informaci\u00f3n sobre los h\u00e1bitos de navegaci\u00f3n de un usuario o de su equipo y, dependiendo de la informaci\u00f3n que contengan y de la forma en que utilice su equipo, pueden utilizarse para reconocer al usuario.[\/vc_column_text][vc_empty_space height=\u00bb50px\u00bb][vc_custom_heading text=\u00bbTipolog\u00eda de Cookies\u00bb font_container=\u00bbtag:h2|font_size:27px|text_align:left|line_height:30px\u00bb use_theme_fonts=\u00bbyes\u00bb][vc_empty_space height=\u00bb15px\u00bb][vc_column_text css_animation=\u00bbfadeIn\u00bb]Existen diferentes tipos de cookies en funci\u00f3n, sobre todo, de la naturaleza de las mismas, as\u00ed se clasifican a t\u00edtulo orientativo, entre otras, las siguientes:[\/vc_column_text][vc_empty_space height=\u00bb30px\u00bb][vc_custom_heading text=\u00bbSeg\u00fan el plazo de tiempo:\u00bb font_container=\u00bbtag:h3|font_size:20px|text_align:left|color:%23999999|line_height:24px\u00bb use_theme_fonts=\u00bbyes\u00bb][vc_empty_space height=\u00bb15px\u00bb][vc_column_text css_animation=\u00bbfadeIn\u00bb]<\/p>\n<ul>\n<li><strong>Cookies de sesi\u00f3n:<\/strong> son aquellas dise\u00f1adas para recabar y almacenar datos mientras el usuario accede a una p\u00e1gina web. Se suelen emplear para almacenar informaci\u00f3n que solo interesa conservar para la prestaci\u00f3n del servicio solicitado por el usuario en una sola ocasi\u00f3n (por ejemplo, una lista de productos adquiridos) y desaparecen al terminar la sesi\u00f3n.<\/li>\n<li><strong>Cookies persistentes:<\/strong> son aquellas en las que los datos siguen almacenados en el terminal y pueden ser accedidos y tratados durante un periodo definido por el responsable de la cookie, y que puede ir de unos minutos a varios a\u00f1os.<\/li>\n<\/ul>\n<p>[\/vc_column_text][vc_empty_space height=\u00bb30px\u00bb][vc_custom_heading text=\u00bbSeg\u00fan su finalidad:\u00bb font_container=\u00bbtag:h3|font_size:20px|text_align:left|color:%23999999|line_height:24px\u00bb use_theme_fonts=\u00bbyes\u00bb][vc_empty_space height=\u00bb15px\u00bb][vc_column_text css_animation=\u00bbfadeIn\u00bb]<\/p>\n<ul>\n<li><strong>Cookies t\u00e9cnicas:<\/strong> son aquellas que permiten al usuario la navegaci\u00f3n a trav\u00e9s de una p\u00e1gina web, plataforma o aplicaci\u00f3n y la utilizaci\u00f3n de las diferentes opciones o servicios que en ella existan, incluyendo aquellas que el editor utiliza para permitir la gesti\u00f3n y operativa de la p\u00e1gina web y habilitar sus funciones y servicios (como por ejemplo, controlar el tr\u00e1fico y la comunicaci\u00f3n de datos, identificar la sesi\u00f3n, acceder a partes de acceso restringido y finalidades similares de naturaleza t\u00e9cnica).<\/li>\n<li><strong>Cookies de personalizaci\u00f3n:<\/strong> son aquellas que permiten recordar informaci\u00f3n para que el usuario acceda al servicio con determinadas caracter\u00edsticas que pueden diferenciar su experiencia de la de otros usuarios, como, por ejemplo, el idioma, el n\u00famero de resultados a mostrar cuando el usuario realiza una b\u00fasqueda, el aspecto o contenido del servicio en funci\u00f3n del tipo de navegador a trav\u00e9s del cual el usuario accede al servicio o de la regi\u00f3n desde la que accede al servicio, etc.<\/li>\n<li><strong>Cookies de an\u00e1lisis:<\/strong> son aquellas que permiten al responsable de las mismas el seguimiento y an\u00e1lisis del comportamiento de los usuarios de los sitios web a los que est\u00e1n vinculadas, incluida la cuantificaci\u00f3n de los impactos de los anuncios. La informaci\u00f3n recogida mediante este tipo de cookies se utiliza en la medici\u00f3n de la actividad de los sitios web, aplicaci\u00f3n o plataforma, con el fin de introducir mejoras en funci\u00f3n del an\u00e1lisis de los datos de uso que hacen los usuarios del servicio.<\/li>\n<li><strong>Cookies de publicidad comportamental:<\/strong> son aquellas que almacenan informaci\u00f3n del comportamiento de los usuarios obtenida a trav\u00e9s de la observaci\u00f3n continuada de sus h\u00e1bitos de navegaci\u00f3n, lo que permite desarrollar un perfil espec\u00edfico para mostrar publicidad en funci\u00f3n del mismo.<\/li>\n<\/ul>\n<p>[\/vc_column_text][vc_empty_space height=\u00bb30px\u00bb][vc_custom_heading text=\u00bbSeg\u00fan la entidad que las gestiona:\u00bb font_container=\u00bbtag:h3|font_size:20px|text_align:left|color:%23999999|line_height:24px\u00bb use_theme_fonts=\u00bbyes\u00bb][vc_empty_space height=\u00bb15px\u00bb][vc_column_text css_animation=\u00bbfadeIn\u00bb]<\/p>\n<ul>\n<li><strong>Cookies propias:<\/strong> son aquellas que se env\u00edan al equipo terminal del usuario desde un equipo o dominio gestionado por el propio editor y desde el que se presta el servicio solicitado por el usuario.<\/li>\n<li><strong>Cookies de tercero:<\/strong> son aquellas que se env\u00edan al equipo terminal del usuario desde un equipo o dominio que no es gestionando por el editor, sino que por otra entidad que trata los datos obtenidos a trav\u00e9s de las cookies.<\/li>\n<\/ul>\n<p>[\/vc_column_text][vc_empty_space height=\u00bb50px\u00bb][vc_custom_heading text=\u00bb\u00bfQu\u00e9 tipo de cookies utiliza esta p\u00e1gina web?\u00bb font_container=\u00bbtag:h2|font_size:27px|text_align:left|line_height:30px\u00bb use_theme_fonts=\u00bbyes\u00bb][vc_empty_space height=\u00bb15px\u00bb][vc_column_text css_animation=\u00bbfadeIn\u00bb]La presente p\u00e1gina web est\u00e1 utilizando cookies que permiten facilitar al usuario el uso y la navegaci\u00f3n a trav\u00e9s de la misma, garantizar el acceso a determinados servicios, as\u00ed como mejorar la configuraci\u00f3n funcional de la web.<\/p>\n<p>Concretamente, esta p\u00e1gina web utiliza las siguientes cookies:[\/vc_column_text][vc_empty_space height=\u00bb15px\u00bb][vc_column_text]<\/p>\n<table>\n<tbody>\n<tr>\n<th>TIPO<\/th>\n<th style=\"text-align: center;\">DESCRIPCI\u00d3N\/FINALIDAD<\/th>\n<th>PROPIAS \/ TERCEROS<\/th>\n<\/tr>\n<tr>\n<td><strong>Sesi\u00f3n<\/strong><\/td>\n<td>Son necesarias para el correcto uso de la p\u00e1gina web, como para la sesi\u00f3n de usuarios, o para navegar de forma ininterrumpida recordando opciones de idioma o pa\u00eds. Se utilizan para identificar al usuario, si fuese necesario acceder a un \u00e1rea de registro. Sin estas cookies, muchos de los servicios disponibles no estar\u00edan operativos. Dichas cookies caducan cuando se cierra el navegador o pasado un mes.<\/td>\n<td style=\"text-align: center;\">PROPIAS<\/td>\n<\/tr>\n<tr style=\"background-color: #eee;\">\n<td><strong>T\u00e9cnicas<\/strong><\/td>\n<td>\u00c9stas tratan informaci\u00f3n gen\u00e9rica y an\u00f3nima, donde no se incluyen datos personales, s\u00f3lo recuerdan la p\u00e1gina de la que proviene el usuario. Su objetivo principal es la mejora del funcionamiento de la web.<\/td>\n<td style=\"text-align: center;\">PROPIAS<\/td>\n<\/tr>\n<tr>\n<td><strong>Anal\u00edticas<\/strong><\/td>\n<td>Estas cookies permiten analizar y medir las propiedades y funcionalidades de esta P\u00e1gina Web y proceder a su medici\u00f3n con finalidades de mejora. Las cookies que se instalan son cookies de terceros. Por ejemplo, Google Analytics es la herramienta de anal\u00edtica que ayuda a los sitios web a entender el modo en que sus visitantes interact\u00faan con sus propiedades. Puede utilizar un conjunto de cookies para recopilar informaci\u00f3n e informar de las estad\u00edsticas de uso de los sitios web sin identificar personalmente a los visitantes de Google. ComScore provee soluciones customizadas en medidas de audiencias online, e-commerce, publicidad, search, v\u00eddeo y m\u00f3vil. Mide las visitas y usuarios \u00fanicos.<\/td>\n<td style=\"text-align: center;\"><a href=\"https:\/\/developers.google.com\/analytics\/devguides\/collection\/analyticsjs\/cookie-usage\" target=\"_blank\" rel=\"noopener noreferrer\">Google\u00a0Analytics<\/a><\/td>\n<\/tr>\n<\/tbody>\n<\/table>\n<p>[\/vc_column_text][vc_empty_space height=\u00bb50px\u00bb][vc_custom_heading text=\u00bb\u00bfC\u00f3mo gestionar la configuraci\u00f3n de las cookies?\u00bb font_container=\u00bbtag:h2|font_size:27px|text_align:left|line_height:30px\u00bb use_theme_fonts=\u00bbyes\u00bb][vc_empty_space height=\u00bb15px\u00bb][vc_column_text css_animation=\u00bbfadeIn\u00bb]En el presente apartado se lleva a cabo una breve exposici\u00f3n de c\u00f3mo consultar y llevar a cabo la configuraci\u00f3n del sistema de cookies en relaci\u00f3n a los navegadores m\u00e1s comunes o m\u00e1s utilizados por los usuarios.<\/p>\n<p>En este sentido, pr\u00e1cticamente todos los navegadores permiten al usuario obtener informaci\u00f3n general sobre las cookies instaladas en una p\u00e1gina web, concretamente verificar la existencia de las mismas, su duraci\u00f3n o el sistema de eliminaci\u00f3n. En este sentido, a t\u00edtulo informativo, se facilitan una serie de enlaces relacionados:<\/p>\n<ul>\n<li>Google Chrome<\/li>\n<li>Mozilla Firefox<\/li>\n<li>Internet Explorer<\/li>\n<li>Safari<\/li>\n<\/ul>\n<p>Por otra parte, el usuario podr\u00e1 permitir, bloquear o eliminar las cookies instaladas en su equipo modificando la configuraci\u00f3n de su navegador conforme a las instrucciones indicadas en el mismo. A t\u00edtulo informativo se indica que habitualmente la configuraci\u00f3n de las cookies se suele llevar a cabo en el men\u00fa \u201cPreferencias\u201d o \u201cHerramientas\u201d de cada navegador, en cualquier caso, siempre podr\u00e1 acudir a la ayuda de su navegador para solucionar o solventar las dudas que se le generen al respecto.<\/p>\n<p>Conviene tener en cuenta que, si se impide la instalaci\u00f3n de todas las cookies, el contenido de la web as\u00ed como determinadas funcionalidades y servicios facilitados por la misma pueden verse afectados.[\/vc_column_text][vc_empty_space height=\u00bb30px\u00bb][vc_custom_heading text=\u00bbPeriodo de conservaci\u00f3n\u00bb font_container=\u00bbtag:h3|font_size:20px|text_align:left|color:%23999999|line_height:24px\u00bb use_theme_fonts=\u00bbyes\u00bb][vc_empty_space height=\u00bb15px\u00bb][vc_column_text css_animation=\u00bbfadeIn\u00bb]La conservaci\u00f3n de los datos recogidos a trav\u00e9s de las cookies estar\u00e1 relacionada en funci\u00f3n de la finalidad por la cual se recaba, sin perjuicio de lo establecido legalmente.<\/p>\n<p>Para m\u00e1s informaci\u00f3n acerca del tratamiento de datos personales puede consultar nuestra <em><a href=\"https:\/\/www.aleakpro.com\/es\/politica-de-privacidad\/\">Pol\u00edtica de Privacidad<\/a><\/em>.[\/vc_column_text][vc_empty_space height=\u00bb100px\u00bb][\/vc_column][\/vc_row]<\/p>\n<\/div>","protected":false},"excerpt":{"rendered":"<p>[vc_row][vc_column][vc_empty_space][vc_custom_heading source=\u00bbpost_title\u00bb font_container=\u00bbtag:h1|text_align:left|color:%23218b86&#8243; use_theme_fonts=\u00bbyes\u00bb][vc_empty_space][\/vc_column][\/vc_row][vc_row][vc_column][vc_custom_heading text=\u00bb\u00bfQu\u00e9 son las Cookies?\u00bb font_container=\u00bbtag:h2|font_size:27px|text_align:left|line_height:30px\u00bb use_theme_fonts=\u00bbyes\u00bb][vc_empty_space height=\u00bb15px\u00bb][vc_column_text css_animation=\u00bbfadeIn\u00bb]Una cookie es un archivo o dispositivo que se descarga en el equipo terminal de un usuario con la finalidad de almacenar datos que podr\u00e1n ser actualizados y recuperados por la entidad responsable de su instalaci\u00f3n. Es decir, es un fichero que se descarga&hellip;<\/p>\n","protected":false},"author":1,"featured_media":0,"parent":0,"menu_order":0,"comment_status":"closed","ping_status":"closed","template":"","meta":{"footnotes":""},"class_list":["post-32808","page","type-page","status-publish","hentry","description-off"],"yoast_head":"<!-- This site is optimized with the Yoast SEO plugin v26.0 - https:\/\/yoast.com\/wordpress\/plugins\/seo\/ -->\n<title>Pol\u00edtica de Cookies | Aleak Prototype<\/title>\n<meta name=\"robots\" content=\"index, follow, max-snippet:-1, max-image-preview:large, max-video-preview:-1\" \/>\n<link rel=\"canonical\" href=\"https:\/\/www.aleakpro.com\/es\/politica-de-cookies\/\" \/>\n<meta property=\"og:locale\" content=\"es_ES\" \/>\n<meta property=\"og:type\" content=\"article\" \/>\n<meta property=\"og:title\" content=\"Pol\u00edtica de Cookies | Aleak Prototype\" \/>\n<meta property=\"og:description\" content=\"[vc_row][vc_column][vc_empty_space][vc_custom_heading source=\u00bbpost_title\u00bb font_container=\u00bbtag:h1|text_align:left|color:%23218b86&#8243; use_theme_fonts=\u00bbyes\u00bb][vc_empty_space][\/vc_column][\/vc_row][vc_row][vc_column][vc_custom_heading text=\u00bb\u00bfQu\u00e9 son las Cookies?\u00bb font_container=\u00bbtag:h2|font_size:27px|text_align:left|line_height:30px\u00bb use_theme_fonts=\u00bbyes\u00bb][vc_empty_space height=\u00bb15px\u00bb][vc_column_text css_animation=\u00bbfadeIn\u00bb]Una cookie es un archivo o dispositivo que se descarga en el equipo terminal de un usuario con la finalidad de almacenar datos que podr\u00e1n ser actualizados y recuperados por la entidad responsable de su instalaci\u00f3n. Es decir, es un fichero que se descarga&hellip;\" \/>\n<meta property=\"og:url\" content=\"https:\/\/www.aleakpro.com\/es\/politica-de-cookies\/\" \/>\n<meta property=\"og:site_name\" content=\"Aleak Prototype\" \/>\n<meta property=\"article:modified_time\" content=\"2022-07-18T13:21:26+00:00\" \/>\n<meta name=\"twitter:card\" content=\"summary_large_image\" \/>\n<meta name=\"twitter:label1\" content=\"Tiempo de lectura\" \/>\n\t<meta name=\"twitter:data1\" content=\"8 minutos\" \/>\n<script type=\"application\/ld+json\" class=\"yoast-schema-graph\">{\"@context\":\"https:\/\/schema.org\",\"@graph\":[{\"@type\":\"WebPage\",\"@id\":\"https:\/\/www.aleakpro.com\/es\/politica-de-cookies\/\",\"url\":\"https:\/\/www.aleakpro.com\/es\/politica-de-cookies\/\",\"name\":\"Pol\u00edtica de Cookies | Aleak Prototype\",\"isPartOf\":{\"@id\":\"https:\/\/www.aleakpro.com\/es\/#website\"},\"datePublished\":\"2019-09-17T13:21:34+00:00\",\"dateModified\":\"2022-07-18T13:21:26+00:00\",\"breadcrumb\":{\"@id\":\"https:\/\/www.aleakpro.com\/es\/politica-de-cookies\/#breadcrumb\"},\"inLanguage\":\"es\",\"potentialAction\":[{\"@type\":\"ReadAction\",\"target\":[\"https:\/\/www.aleakpro.com\/es\/politica-de-cookies\/\"]}]},{\"@type\":\"BreadcrumbList\",\"@id\":\"https:\/\/www.aleakpro.com\/es\/politica-de-cookies\/#breadcrumb\",\"itemListElement\":[{\"@type\":\"ListItem\",\"position\":1,\"name\":\"Portada\",\"item\":\"https:\/\/www.aleakpro.com\/es\/\"},{\"@type\":\"ListItem\",\"position\":2,\"name\":\"Pol\u00edtica de Cookies\"}]},{\"@type\":\"WebSite\",\"@id\":\"https:\/\/www.aleakpro.com\/es\/#website\",\"url\":\"https:\/\/www.aleakpro.com\/es\/\",\"name\":\"Aleak Prototype\",\"description\":\"Mecanizados de Piezas Especiales bajo plano. Especializados en el desarrollo de series cortas y prototipos\",\"potentialAction\":[{\"@type\":\"SearchAction\",\"target\":{\"@type\":\"EntryPoint\",\"urlTemplate\":\"https:\/\/www.aleakpro.com\/es\/?s={search_term_string}\"},\"query-input\":{\"@type\":\"PropertyValueSpecification\",\"valueRequired\":true,\"valueName\":\"search_term_string\"}}],\"inLanguage\":\"es\"}]}<\/script>\n<!-- \/ Yoast SEO plugin. -->","yoast_head_json":{"title":"Pol\u00edtica de Cookies | Aleak Prototype","robots":{"index":"index","follow":"follow","max-snippet":"max-snippet:-1","max-image-preview":"max-image-preview:large","max-video-preview":"max-video-preview:-1"},"canonical":"https:\/\/www.aleakpro.com\/es\/politica-de-cookies\/","og_locale":"es_ES","og_type":"article","og_title":"Pol\u00edtica de Cookies | Aleak Prototype","og_description":"[vc_row][vc_column][vc_empty_space][vc_custom_heading source=\u00bbpost_title\u00bb font_container=\u00bbtag:h1|text_align:left|color:%23218b86&#8243; use_theme_fonts=\u00bbyes\u00bb][vc_empty_space][\/vc_column][\/vc_row][vc_row][vc_column][vc_custom_heading text=\u00bb\u00bfQu\u00e9 son las Cookies?\u00bb font_container=\u00bbtag:h2|font_size:27px|text_align:left|line_height:30px\u00bb use_theme_fonts=\u00bbyes\u00bb][vc_empty_space height=\u00bb15px\u00bb][vc_column_text css_animation=\u00bbfadeIn\u00bb]Una cookie es un archivo o dispositivo que se descarga en el equipo terminal de un usuario con la finalidad de almacenar datos que podr\u00e1n ser actualizados y recuperados por la entidad responsable de su instalaci\u00f3n. Es decir, es un fichero que se descarga&hellip;","og_url":"https:\/\/www.aleakpro.com\/es\/politica-de-cookies\/","og_site_name":"Aleak Prototype","article_modified_time":"2022-07-18T13:21:26+00:00","twitter_card":"summary_large_image","twitter_misc":{"Tiempo de lectura":"8 minutos"},"schema":{"@context":"https:\/\/schema.org","@graph":[{"@type":"WebPage","@id":"https:\/\/www.aleakpro.com\/es\/politica-de-cookies\/","url":"https:\/\/www.aleakpro.com\/es\/politica-de-cookies\/","name":"Pol\u00edtica de Cookies | Aleak Prototype","isPartOf":{"@id":"https:\/\/www.aleakpro.com\/es\/#website"},"datePublished":"2019-09-17T13:21:34+00:00","dateModified":"2022-07-18T13:21:26+00:00","breadcrumb":{"@id":"https:\/\/www.aleakpro.com\/es\/politica-de-cookies\/#breadcrumb"},"inLanguage":"es","potentialAction":[{"@type":"ReadAction","target":["https:\/\/www.aleakpro.com\/es\/politica-de-cookies\/"]}]},{"@type":"BreadcrumbList","@id":"https:\/\/www.aleakpro.com\/es\/politica-de-cookies\/#breadcrumb","itemListElement":[{"@type":"ListItem","position":1,"name":"Portada","item":"https:\/\/www.aleakpro.com\/es\/"},{"@type":"ListItem","position":2,"name":"Pol\u00edtica de Cookies"}]},{"@type":"WebSite","@id":"https:\/\/www.aleakpro.com\/es\/#website","url":"https:\/\/www.aleakpro.com\/es\/","name":"Aleak Prototype","description":"Mecanizados de Piezas Especiales bajo plano. Especializados en el desarrollo de series cortas y prototipos","potentialAction":[{"@type":"SearchAction","target":{"@type":"EntryPoint","urlTemplate":"https:\/\/www.aleakpro.com\/es\/?s={search_term_string}"},"query-input":{"@type":"PropertyValueSpecification","valueRequired":true,"valueName":"search_term_string"}}],"inLanguage":"es"}]}},"_links":{"self":[{"href":"https:\/\/www.aleakpro.com\/es\/wp-json\/wp\/v2\/pages\/32808","targetHints":{"allow":["GET"]}}],"collection":[{"href":"https:\/\/www.aleakpro.com\/es\/wp-json\/wp\/v2\/pages"}],"about":[{"href":"https:\/\/www.aleakpro.com\/es\/wp-json\/wp\/v2\/types\/page"}],"author":[{"embeddable":true,"href":"https:\/\/www.aleakpro.com\/es\/wp-json\/wp\/v2\/users\/1"}],"replies":[{"embeddable":true,"href":"https:\/\/www.aleakpro.com\/es\/wp-json\/wp\/v2\/comments?post=32808"}],"version-history":[{"count":15,"href":"https:\/\/www.aleakpro.com\/es\/wp-json\/wp\/v2\/pages\/32808\/revisions"}],"predecessor-version":[{"id":32852,"href":"https:\/\/www.aleakpro.com\/es\/wp-json\/wp\/v2\/pages\/32808\/revisions\/32852"}],"wp:attachment":[{"href":"https:\/\/www.aleakpro.com\/es\/wp-json\/wp\/v2\/media?parent=32808"}],"curies":[{"name":"wp","href":"https:\/\/api.w.org\/{rel}","templated":true}]}}