{"id":30908,"date":"2018-07-11T09:46:02","date_gmt":"2018-07-11T09:46:02","guid":{"rendered":"http:\/\/www.aleakpro.com\/?page_id=30908"},"modified":"2019-09-17T11:34:24","modified_gmt":"2019-09-17T11:34:24","slug":"aviso-legal","status":"publish","type":"page","link":"https:\/\/www.aleakpro.com\/es\/aviso-legal\/","title":{"rendered":"Aviso Legal"},"content":{"rendered":"<div class=\"wpb-content-wrapper\"><p>[vc_row][vc_column][vc_empty_space][vc_custom_heading source=\u00bbpost_title\u00bb font_container=\u00bbtag:h1|text_align:left|color:%23218b86&#8243; use_theme_fonts=\u00bbyes\u00bb][vc_empty_space][\/vc_column][\/vc_row][vc_row][vc_column][vc_custom_heading text=\u00bbInformaci\u00f3n General\u00bb font_container=\u00bbtag:h2|font_size:27px|text_align:left|line_height:30px\u00bb use_theme_fonts=\u00bbyes\u00bb css_animation=\u00bbnone\u00bb][vc_column_text css_animation=\u00bbfadeIn\u00bb]El titular del sitio web sitio\u00a0web www.aleakpro.com es ALEAK Prototype, S.L, con NIF B95852620 y domicilio sito en \u00a0Calle Pol\u00edgono Industrial Tabernabarri Parcela 4 Pab 24, 48215, Iurreta, (Bizkaia). La entidad se encuentra inscrita en el Registro Mercantil con los siguientes datos de inscripci\u00f3n: de Bizkaia, tomo 5635, folio 72, inscripci\u00f3n 1 con hoja BI-68526.<\/p>\n<p>Con \u00e1nimo de que el uso del sitio web se ajuste a criterios de transparencia, claridad y sencillez, ALEAK Prototype, S.L informa al usuario que cualquier sugerencia, duda o consulta sobre el presente Aviso Legal o cualquier otro documento informativo del sitio web ser\u00e1 recibida y solucionada contactando con ALEAK Prototype, S.L, a trav\u00e9s de la direcci\u00f3n de correo electr\u00f3nica: <a href=\"mailto:iagui&#114;&#114;&#101;&#64;&#97;&#108;&#101;&#97;&#107;&#112;&#114;&#111;&#46;&#99;&#111;&#x6d;\">&#105;&#x61;&#x67;&#117;&#x69;&#x72;&#114;&#x65;&#x40;&#97;&#x6c;&#x65;&#97;&#x6b;&#x70;&#114;&#x6f;&#x2e;&#99;&#x6f;&#x6d;<\/a>[\/vc_column_text][vc_empty_space height=\u00bb50px\u00bb][vc_custom_heading text=\u00bbPropiedad Intelectual\u00bb font_container=\u00bbtag:h2|font_size:27px|text_align:left|line_height:30px\u00bb use_theme_fonts=\u00bbyes\u00bb css_animation=\u00bbnone\u00bb][vc_column_text css_animation=\u00bbfadeIn\u00bb]Todos los contenidos que se muestran en el presente sitio web, y en especial dise\u00f1os, textos, im\u00e1genes, logos, iconos, nombres comerciales, marcas o cualquier otra informaci\u00f3n susceptible de utilizaci\u00f3n industrial y\/o comercial est\u00e1n protegidos por los correspondientes derechos de autor, no permitiendo su reproducci\u00f3n, transmisi\u00f3n o registro de informaci\u00f3n salvo autorizaci\u00f3n previa del titular, ALEAK Prototype, S.L. No obstante el usuario podr\u00e1 utilizar informaci\u00f3n facilitada para gestionar su pedido y los datos de contacto correspondientes.[\/vc_column_text][vc_empty_space height=\u00bb50px\u00bb][vc_custom_heading text=\u00bbEnlaces\u00bb font_container=\u00bbtag:h2|font_size:27px|text_align:left|line_height:30px\u00bb use_theme_fonts=\u00bbyes\u00bb css_animation=\u00bbnone\u00bb][vc_column_text]ALEAK Prototype, S.L no asume ninguna responsabilidad sobre los enlaces hac\u00eda otros sitios o p\u00e1ginas web que, en su caso, pudieran incluirse en el mismo, ya que no tiene ning\u00fan tipo de control sobre los mismos, por lo que el usuario accede bajo su exclusiva responsabilidad al contenido y en las condiciones de uso que rijan en los mismos.[\/vc_column_text][\/vc_column][\/vc_row][vc_row][vc_column][vc_empty_space height=\u00bb100px\u00bb][\/vc_column][\/vc_row]<\/p>\n<\/div>","protected":false},"excerpt":{"rendered":"<p>[vc_row][vc_column][vc_empty_space][vc_custom_heading source=\u00bbpost_title\u00bb font_container=\u00bbtag:h1|text_align:left|color:%23218b86&#8243; use_theme_fonts=\u00bbyes\u00bb][vc_empty_space][\/vc_column][\/vc_row][vc_row][vc_column][vc_custom_heading text=\u00bbInformaci\u00f3n General\u00bb font_container=\u00bbtag:h2|font_size:27px|text_align:left|line_height:30px\u00bb use_theme_fonts=\u00bbyes\u00bb css_animation=\u00bbnone\u00bb][vc_column_text css_animation=\u00bbfadeIn\u00bb]El titular del sitio web sitio\u00a0web www.aleakpro.com es ALEAK Prototype, S.L, con NIF B95852620 y domicilio sito en \u00a0Calle Pol\u00edgono Industrial Tabernabarri Parcela 4 Pab 24, 48215, Iurreta, (Bizkaia). La entidad se encuentra inscrita en el Registro Mercantil con los siguientes datos de inscripci\u00f3n: de Bizkaia,&hellip;<\/p>\n","protected":false},"author":1,"featured_media":0,"parent":0,"menu_order":0,"comment_status":"closed","ping_status":"closed","template":"","meta":{"footnotes":""},"class_list":["post-30908","page","type-page","status-publish","hentry","description-off"],"yoast_head":"<!-- This site is optimized with the Yoast SEO plugin v26.0 - https:\/\/yoast.com\/wordpress\/plugins\/seo\/ -->\n<title>Aviso Legal | Aleak Prototype<\/title>\n<meta name=\"robots\" content=\"index, follow, max-snippet:-1, max-image-preview:large, max-video-preview:-1\" \/>\n<link rel=\"canonical\" href=\"https:\/\/www.aleakpro.com\/es\/aviso-legal\/\" \/>\n<meta property=\"og:locale\" content=\"es_ES\" \/>\n<meta property=\"og:type\" content=\"article\" \/>\n<meta property=\"og:title\" content=\"Aviso Legal | Aleak Prototype\" \/>\n<meta property=\"og:description\" content=\"[vc_row][vc_column][vc_empty_space][vc_custom_heading source=\u00bbpost_title\u00bb font_container=\u00bbtag:h1|text_align:left|color:%23218b86&#8243; use_theme_fonts=\u00bbyes\u00bb][vc_empty_space][\/vc_column][\/vc_row][vc_row][vc_column][vc_custom_heading text=\u00bbInformaci\u00f3n General\u00bb font_container=\u00bbtag:h2|font_size:27px|text_align:left|line_height:30px\u00bb use_theme_fonts=\u00bbyes\u00bb css_animation=\u00bbnone\u00bb][vc_column_text css_animation=\u00bbfadeIn\u00bb]El titular del sitio web sitio\u00a0web www.aleakpro.com es ALEAK Prototype, S.L, con NIF B95852620 y domicilio sito en \u00a0Calle Pol\u00edgono Industrial Tabernabarri Parcela 4 Pab 24, 48215, Iurreta, (Bizkaia). La entidad se encuentra inscrita en el Registro Mercantil con los siguientes datos de inscripci\u00f3n: de Bizkaia,&hellip;\" \/>\n<meta property=\"og:url\" content=\"https:\/\/www.aleakpro.com\/es\/aviso-legal\/\" \/>\n<meta property=\"og:site_name\" content=\"Aleak Prototype\" \/>\n<meta property=\"article:modified_time\" content=\"2019-09-17T11:34:24+00:00\" \/>\n<meta name=\"twitter:card\" content=\"summary_large_image\" \/>\n<meta name=\"twitter:label1\" content=\"Tiempo de lectura\" \/>\n\t<meta name=\"twitter:data1\" content=\"2 minutos\" \/>\n<script type=\"application\/ld+json\" class=\"yoast-schema-graph\">{\"@context\":\"https:\/\/schema.org\",\"@graph\":[{\"@type\":\"WebPage\",\"@id\":\"https:\/\/www.aleakpro.com\/es\/aviso-legal\/\",\"url\":\"https:\/\/www.aleakpro.com\/es\/aviso-legal\/\",\"name\":\"Aviso Legal | Aleak Prototype\",\"isPartOf\":{\"@id\":\"https:\/\/www.aleakpro.com\/es\/#website\"},\"datePublished\":\"2018-07-11T09:46:02+00:00\",\"dateModified\":\"2019-09-17T11:34:24+00:00\",\"breadcrumb\":{\"@id\":\"https:\/\/www.aleakpro.com\/es\/aviso-legal\/#breadcrumb\"},\"inLanguage\":\"es\",\"potentialAction\":[{\"@type\":\"ReadAction\",\"target\":[\"https:\/\/www.aleakpro.com\/es\/aviso-legal\/\"]}]},{\"@type\":\"BreadcrumbList\",\"@id\":\"https:\/\/www.aleakpro.com\/es\/aviso-legal\/#breadcrumb\",\"itemListElement\":[{\"@type\":\"ListItem\",\"position\":1,\"name\":\"Portada\",\"item\":\"https:\/\/www.aleakpro.com\/es\/\"},{\"@type\":\"ListItem\",\"position\":2,\"name\":\"Aviso Legal\"}]},{\"@type\":\"WebSite\",\"@id\":\"https:\/\/www.aleakpro.com\/es\/#website\",\"url\":\"https:\/\/www.aleakpro.com\/es\/\",\"name\":\"Aleak Prototype\",\"description\":\"Mecanizados de Piezas Especiales bajo plano. Especializados en el desarrollo de series cortas y prototipos\",\"potentialAction\":[{\"@type\":\"SearchAction\",\"target\":{\"@type\":\"EntryPoint\",\"urlTemplate\":\"https:\/\/www.aleakpro.com\/es\/?s={search_term_string}\"},\"query-input\":{\"@type\":\"PropertyValueSpecification\",\"valueRequired\":true,\"valueName\":\"search_term_string\"}}],\"inLanguage\":\"es\"}]}<\/script>\n<!-- \/ Yoast SEO plugin. -->","yoast_head_json":{"title":"Aviso Legal | Aleak Prototype","robots":{"index":"index","follow":"follow","max-snippet":"max-snippet:-1","max-image-preview":"max-image-preview:large","max-video-preview":"max-video-preview:-1"},"canonical":"https:\/\/www.aleakpro.com\/es\/aviso-legal\/","og_locale":"es_ES","og_type":"article","og_title":"Aviso Legal | Aleak Prototype","og_description":"[vc_row][vc_column][vc_empty_space][vc_custom_heading source=\u00bbpost_title\u00bb font_container=\u00bbtag:h1|text_align:left|color:%23218b86&#8243; use_theme_fonts=\u00bbyes\u00bb][vc_empty_space][\/vc_column][\/vc_row][vc_row][vc_column][vc_custom_heading text=\u00bbInformaci\u00f3n General\u00bb font_container=\u00bbtag:h2|font_size:27px|text_align:left|line_height:30px\u00bb use_theme_fonts=\u00bbyes\u00bb css_animation=\u00bbnone\u00bb][vc_column_text css_animation=\u00bbfadeIn\u00bb]El titular del sitio web sitio\u00a0web www.aleakpro.com es ALEAK Prototype, S.L, con NIF B95852620 y domicilio sito en \u00a0Calle Pol\u00edgono Industrial Tabernabarri Parcela 4 Pab 24, 48215, Iurreta, (Bizkaia). La entidad se encuentra inscrita en el Registro Mercantil con los siguientes datos de inscripci\u00f3n: de Bizkaia,&hellip;","og_url":"https:\/\/www.aleakpro.com\/es\/aviso-legal\/","og_site_name":"Aleak Prototype","article_modified_time":"2019-09-17T11:34:24+00:00","twitter_card":"summary_large_image","twitter_misc":{"Tiempo de lectura":"2 minutos"},"schema":{"@context":"https:\/\/schema.org","@graph":[{"@type":"WebPage","@id":"https:\/\/www.aleakpro.com\/es\/aviso-legal\/","url":"https:\/\/www.aleakpro.com\/es\/aviso-legal\/","name":"Aviso Legal | Aleak Prototype","isPartOf":{"@id":"https:\/\/www.aleakpro.com\/es\/#website"},"datePublished":"2018-07-11T09:46:02+00:00","dateModified":"2019-09-17T11:34:24+00:00","breadcrumb":{"@id":"https:\/\/www.aleakpro.com\/es\/aviso-legal\/#breadcrumb"},"inLanguage":"es","potentialAction":[{"@type":"ReadAction","target":["https:\/\/www.aleakpro.com\/es\/aviso-legal\/"]}]},{"@type":"BreadcrumbList","@id":"https:\/\/www.aleakpro.com\/es\/aviso-legal\/#breadcrumb","itemListElement":[{"@type":"ListItem","position":1,"name":"Portada","item":"https:\/\/www.aleakpro.com\/es\/"},{"@type":"ListItem","position":2,"name":"Aviso Legal"}]},{"@type":"WebSite","@id":"https:\/\/www.aleakpro.com\/es\/#website","url":"https:\/\/www.aleakpro.com\/es\/","name":"Aleak Prototype","description":"Mecanizados de Piezas Especiales bajo plano. Especializados en el desarrollo de series cortas y prototipos","potentialAction":[{"@type":"SearchAction","target":{"@type":"EntryPoint","urlTemplate":"https:\/\/www.aleakpro.com\/es\/?s={search_term_string}"},"query-input":{"@type":"PropertyValueSpecification","valueRequired":true,"valueName":"search_term_string"}}],"inLanguage":"es"}]}},"_links":{"self":[{"href":"https:\/\/www.aleakpro.com\/es\/wp-json\/wp\/v2\/pages\/30908","targetHints":{"allow":["GET"]}}],"collection":[{"href":"https:\/\/www.aleakpro.com\/es\/wp-json\/wp\/v2\/pages"}],"about":[{"href":"https:\/\/www.aleakpro.com\/es\/wp-json\/wp\/v2\/types\/page"}],"author":[{"embeddable":true,"href":"https:\/\/www.aleakpro.com\/es\/wp-json\/wp\/v2\/users\/1"}],"replies":[{"embeddable":true,"href":"https:\/\/www.aleakpro.com\/es\/wp-json\/wp\/v2\/comments?post=30908"}],"version-history":[{"count":4,"href":"https:\/\/www.aleakpro.com\/es\/wp-json\/wp\/v2\/pages\/30908\/revisions"}],"predecessor-version":[{"id":32776,"href":"https:\/\/www.aleakpro.com\/es\/wp-json\/wp\/v2\/pages\/30908\/revisions\/32776"}],"wp:attachment":[{"href":"https:\/\/www.aleakpro.com\/es\/wp-json\/wp\/v2\/media?parent=30908"}],"curies":[{"name":"wp","href":"https:\/\/api.w.org\/{rel}","templated":true}]}}