{"id":30605,"date":"2023-04-16T08:19:59","date_gmt":"2023-04-16T08:19:59","guid":{"rendered":"http:\/\/www.aleakpro.com\/?page_id=30605"},"modified":"2023-05-31T10:53:17","modified_gmt":"2023-05-31T10:53:17","slug":"sobre-nosotros","status":"publish","type":"page","link":"https:\/\/www.aleakpro.com\/es\/sobre-nosotros\/","title":{"rendered":"Sobre Nosotros"},"content":{"rendered":"<div class=\"wpb-content-wrapper\"><p>[vc_row][vc_column][vc_empty_space][vc_custom_heading source=\u00bbpost_title\u00bb font_container=\u00bbtag:h1|text_align:left|color:%23218b86&#8243; use_theme_fonts=\u00bbyes\u00bb][vc_empty_space][\/vc_column][\/vc_row][vc_row][vc_column width=\u00bb1\/2&#8243;][vc_single_image image=\u00bb31252&#8243; img_size=\u00bbfull\u00bb alignment=\u00bbcenter\u00bb style=\u00bbvc_box_rounded\u00bb css_animation=\u00bbfadeIn\u00bb][vc_empty_space][\/vc_column][vc_column width=\u00bb1\/2&#8243;][vc_custom_heading text=\u00bbSu socio en el desarrollo de prototipos y series cortas por estampaci\u00f3n y corte l\u00e1ser\u00bb use_theme_fonts=\u00bbyes\u00bb css_animation=\u00bbfadeIn\u00bb css=\u00bb.vc_custom_1539088450370{padding-bottom: 20px !important;}\u00bb][vc_column_text]<strong>Aleak<\/strong> es una empresa de nueva creaci\u00f3n especializada en el dise\u00f1o y la fabricaci\u00f3n de prototipos y series cortas de estampaci\u00f3n met\u00e1lica y corte l\u00e1ser, principalmente para el sector de la automoci\u00f3n.[\/vc_column_text][vc_empty_space height=\u00bb15px\u00bb][vc_column_text]<strong>Aleak<\/strong> es una empresa global orientada a la calidad y el servicio, que ofrece la m\u00e1xima flexibilidad en cada desarrollo abordado.<\/p>\n<p>Ubicada en Iurreta (Bizkaia), en un entorno de larga tradici\u00f3n industrial, <strong>Aleak<\/strong> ha nacido con una vocaci\u00f3n de atenci\u00f3n personalizada y una respuesta espec\u00edfica para cada proyecto, siempre a la medida de las necesidades de sus clientes.[\/vc_column_text][\/vc_column][\/vc_row][vc_row][vc_column][vc_empty_space height=\u00bb60px\u00bb][\/vc_column][\/vc_row][vc_row][vc_column width=\u00bb1\/2&#8243;][vc_column_text]<strong>Aleak<\/strong> est\u00e1 integrada por <a href=\"https:\/\/www.aleakpro.com\/es\/capacidad-tecnica-y-equipo-humano\/\" target=\"_blank\" rel=\"noopener noreferrer\">profesionales especializados<\/a> desde hace m\u00e1s de 20 a\u00f1os en el sector de los componentes de automoci\u00f3n y los diversos procesos vinculados a la industria del autom\u00f3vil.<\/p>\n<p>La oficina t\u00e9cnica permite asegurar tanto un desarrollo de proyectos conjunto con el cliente, como un suministro de piezas seg\u00fan las especificaciones del proyecto, pero siempre con la aportaci\u00f3n del valor a\u00f1adido de su know how proyectando diversas soluciones alternativas en el desarrollo de las mismas.[\/vc_column_text][vc_empty_space height=\u00bb60px\u00bb][vc_custom_heading text=\u00bbLlegamos all\u00ed donde llegan nuestros clientes\u00bb font_container=\u00bbtag:h3|text_align:left|color:%23243842&#8243; use_theme_fonts=\u00bbyes\u00bb css_animation=\u00bbfadeIn\u00bb][vc_column_text]<strong>Aleak<\/strong> es una empresa de alcance global, que ofrece sus servicios en todo el mundo.[\/vc_column_text][vc_empty_space height=\u00bb60px\u00bb][\/vc_column][vc_column width=\u00bb1\/2&#8243;][vc_empty_space][vc_single_image image=\u00bb31125&#8243; img_size=\u00bbfull\u00bb alignment=\u00bbright\u00bb][\/vc_column][\/vc_row]<\/p>\n<\/div>","protected":false},"excerpt":{"rendered":"<p>[vc_row][vc_column][vc_empty_space][vc_custom_heading source=\u00bbpost_title\u00bb font_container=\u00bbtag:h1|text_align:left|color:%23218b86&#8243; use_theme_fonts=\u00bbyes\u00bb][vc_empty_space][\/vc_column][\/vc_row][vc_row][vc_column width=\u00bb1\/2&#8243;][vc_single_image image=\u00bb31252&#8243; img_size=\u00bbfull\u00bb alignment=\u00bbcenter\u00bb style=\u00bbvc_box_rounded\u00bb css_animation=\u00bbfadeIn\u00bb][vc_empty_space][\/vc_column][vc_column width=\u00bb1\/2&#8243;][vc_custom_heading text=\u00bbSu socio en el desarrollo de prototipos y series cortas por estampaci\u00f3n y corte l\u00e1ser\u00bb use_theme_fonts=\u00bbyes\u00bb css_animation=\u00bbfadeIn\u00bb css=\u00bb.vc_custom_1539088450370{padding-bottom: 20px !important;}\u00bb][vc_column_text]Aleak es una empresa de nueva creaci\u00f3n especializada en el dise\u00f1o y la fabricaci\u00f3n de prototipos y series cortas de estampaci\u00f3n met\u00e1lica y corte l\u00e1ser,&hellip;<\/p>\n","protected":false},"author":1,"featured_media":0,"parent":0,"menu_order":0,"comment_status":"closed","ping_status":"closed","template":"","meta":{"footnotes":""},"class_list":["post-30605","page","type-page","status-publish","hentry","description-off"],"yoast_head":"<!-- This site is optimized with the Yoast SEO plugin v26.0 - https:\/\/yoast.com\/wordpress\/plugins\/seo\/ -->\n<title>Sobre Nosotros | Aleak Prototype<\/title>\n<meta name=\"robots\" content=\"index, follow, max-snippet:-1, max-image-preview:large, max-video-preview:-1\" \/>\n<link rel=\"canonical\" href=\"https:\/\/www.aleakpro.com\/es\/sobre-nosotros\/\" \/>\n<meta property=\"og:locale\" content=\"es_ES\" \/>\n<meta property=\"og:type\" content=\"article\" \/>\n<meta property=\"og:title\" content=\"Sobre Nosotros | Aleak Prototype\" \/>\n<meta property=\"og:description\" content=\"[vc_row][vc_column][vc_empty_space][vc_custom_heading source=\u00bbpost_title\u00bb font_container=\u00bbtag:h1|text_align:left|color:%23218b86&#8243; use_theme_fonts=\u00bbyes\u00bb][vc_empty_space][\/vc_column][\/vc_row][vc_row][vc_column width=\u00bb1\/2&#8243;][vc_single_image image=\u00bb31252&#8243; img_size=\u00bbfull\u00bb alignment=\u00bbcenter\u00bb style=\u00bbvc_box_rounded\u00bb css_animation=\u00bbfadeIn\u00bb][vc_empty_space][\/vc_column][vc_column width=\u00bb1\/2&#8243;][vc_custom_heading text=\u00bbSu socio en el desarrollo de prototipos y series cortas por estampaci\u00f3n y corte l\u00e1ser\u00bb use_theme_fonts=\u00bbyes\u00bb css_animation=\u00bbfadeIn\u00bb css=\u00bb.vc_custom_1539088450370{padding-bottom: 20px !important;}\u00bb][vc_column_text]Aleak es una empresa de nueva creaci\u00f3n especializada en el dise\u00f1o y la fabricaci\u00f3n de prototipos y series cortas de estampaci\u00f3n met\u00e1lica y corte l\u00e1ser,&hellip;\" \/>\n<meta property=\"og:url\" content=\"https:\/\/www.aleakpro.com\/es\/sobre-nosotros\/\" \/>\n<meta property=\"og:site_name\" content=\"Aleak Prototype\" \/>\n<meta property=\"article:modified_time\" content=\"2023-05-31T10:53:17+00:00\" \/>\n<meta name=\"twitter:card\" content=\"summary_large_image\" \/>\n<meta name=\"twitter:label1\" content=\"Tiempo de lectura\" \/>\n\t<meta name=\"twitter:data1\" content=\"2 minutos\" \/>\n<script type=\"application\/ld+json\" class=\"yoast-schema-graph\">{\"@context\":\"https:\/\/schema.org\",\"@graph\":[{\"@type\":\"WebPage\",\"@id\":\"https:\/\/www.aleakpro.com\/es\/sobre-nosotros\/\",\"url\":\"https:\/\/www.aleakpro.com\/es\/sobre-nosotros\/\",\"name\":\"Sobre Nosotros | Aleak Prototype\",\"isPartOf\":{\"@id\":\"https:\/\/www.aleakpro.com\/es\/#website\"},\"datePublished\":\"2023-04-16T08:19:59+00:00\",\"dateModified\":\"2023-05-31T10:53:17+00:00\",\"breadcrumb\":{\"@id\":\"https:\/\/www.aleakpro.com\/es\/sobre-nosotros\/#breadcrumb\"},\"inLanguage\":\"es\",\"potentialAction\":[{\"@type\":\"ReadAction\",\"target\":[\"https:\/\/www.aleakpro.com\/es\/sobre-nosotros\/\"]}]},{\"@type\":\"BreadcrumbList\",\"@id\":\"https:\/\/www.aleakpro.com\/es\/sobre-nosotros\/#breadcrumb\",\"itemListElement\":[{\"@type\":\"ListItem\",\"position\":1,\"name\":\"Portada\",\"item\":\"https:\/\/www.aleakpro.com\/es\/\"},{\"@type\":\"ListItem\",\"position\":2,\"name\":\"Sobre Nosotros\"}]},{\"@type\":\"WebSite\",\"@id\":\"https:\/\/www.aleakpro.com\/es\/#website\",\"url\":\"https:\/\/www.aleakpro.com\/es\/\",\"name\":\"Aleak Prototype\",\"description\":\"Mecanizados de Piezas Especiales bajo plano. Especializados en el desarrollo de series cortas y prototipos\",\"potentialAction\":[{\"@type\":\"SearchAction\",\"target\":{\"@type\":\"EntryPoint\",\"urlTemplate\":\"https:\/\/www.aleakpro.com\/es\/?s={search_term_string}\"},\"query-input\":{\"@type\":\"PropertyValueSpecification\",\"valueRequired\":true,\"valueName\":\"search_term_string\"}}],\"inLanguage\":\"es\"}]}<\/script>\n<!-- \/ Yoast SEO plugin. -->","yoast_head_json":{"title":"Sobre Nosotros | Aleak Prototype","robots":{"index":"index","follow":"follow","max-snippet":"max-snippet:-1","max-image-preview":"max-image-preview:large","max-video-preview":"max-video-preview:-1"},"canonical":"https:\/\/www.aleakpro.com\/es\/sobre-nosotros\/","og_locale":"es_ES","og_type":"article","og_title":"Sobre Nosotros | Aleak Prototype","og_description":"[vc_row][vc_column][vc_empty_space][vc_custom_heading source=\u00bbpost_title\u00bb font_container=\u00bbtag:h1|text_align:left|color:%23218b86&#8243; use_theme_fonts=\u00bbyes\u00bb][vc_empty_space][\/vc_column][\/vc_row][vc_row][vc_column width=\u00bb1\/2&#8243;][vc_single_image image=\u00bb31252&#8243; img_size=\u00bbfull\u00bb alignment=\u00bbcenter\u00bb style=\u00bbvc_box_rounded\u00bb css_animation=\u00bbfadeIn\u00bb][vc_empty_space][\/vc_column][vc_column width=\u00bb1\/2&#8243;][vc_custom_heading text=\u00bbSu socio en el desarrollo de prototipos y series cortas por estampaci\u00f3n y corte l\u00e1ser\u00bb use_theme_fonts=\u00bbyes\u00bb css_animation=\u00bbfadeIn\u00bb css=\u00bb.vc_custom_1539088450370{padding-bottom: 20px !important;}\u00bb][vc_column_text]Aleak es una empresa de nueva creaci\u00f3n especializada en el dise\u00f1o y la fabricaci\u00f3n de prototipos y series cortas de estampaci\u00f3n met\u00e1lica y corte l\u00e1ser,&hellip;","og_url":"https:\/\/www.aleakpro.com\/es\/sobre-nosotros\/","og_site_name":"Aleak Prototype","article_modified_time":"2023-05-31T10:53:17+00:00","twitter_card":"summary_large_image","twitter_misc":{"Tiempo de lectura":"2 minutos"},"schema":{"@context":"https:\/\/schema.org","@graph":[{"@type":"WebPage","@id":"https:\/\/www.aleakpro.com\/es\/sobre-nosotros\/","url":"https:\/\/www.aleakpro.com\/es\/sobre-nosotros\/","name":"Sobre Nosotros | Aleak Prototype","isPartOf":{"@id":"https:\/\/www.aleakpro.com\/es\/#website"},"datePublished":"2023-04-16T08:19:59+00:00","dateModified":"2023-05-31T10:53:17+00:00","breadcrumb":{"@id":"https:\/\/www.aleakpro.com\/es\/sobre-nosotros\/#breadcrumb"},"inLanguage":"es","potentialAction":[{"@type":"ReadAction","target":["https:\/\/www.aleakpro.com\/es\/sobre-nosotros\/"]}]},{"@type":"BreadcrumbList","@id":"https:\/\/www.aleakpro.com\/es\/sobre-nosotros\/#breadcrumb","itemListElement":[{"@type":"ListItem","position":1,"name":"Portada","item":"https:\/\/www.aleakpro.com\/es\/"},{"@type":"ListItem","position":2,"name":"Sobre Nosotros"}]},{"@type":"WebSite","@id":"https:\/\/www.aleakpro.com\/es\/#website","url":"https:\/\/www.aleakpro.com\/es\/","name":"Aleak Prototype","description":"Mecanizados de Piezas Especiales bajo plano. Especializados en el desarrollo de series cortas y prototipos","potentialAction":[{"@type":"SearchAction","target":{"@type":"EntryPoint","urlTemplate":"https:\/\/www.aleakpro.com\/es\/?s={search_term_string}"},"query-input":{"@type":"PropertyValueSpecification","valueRequired":true,"valueName":"search_term_string"}}],"inLanguage":"es"}]}},"_links":{"self":[{"href":"https:\/\/www.aleakpro.com\/es\/wp-json\/wp\/v2\/pages\/30605","targetHints":{"allow":["GET"]}}],"collection":[{"href":"https:\/\/www.aleakpro.com\/es\/wp-json\/wp\/v2\/pages"}],"about":[{"href":"https:\/\/www.aleakpro.com\/es\/wp-json\/wp\/v2\/types\/page"}],"author":[{"embeddable":true,"href":"https:\/\/www.aleakpro.com\/es\/wp-json\/wp\/v2\/users\/1"}],"replies":[{"embeddable":true,"href":"https:\/\/www.aleakpro.com\/es\/wp-json\/wp\/v2\/comments?post=30605"}],"version-history":[{"count":3,"href":"https:\/\/www.aleakpro.com\/es\/wp-json\/wp\/v2\/pages\/30605\/revisions"}],"predecessor-version":[{"id":32880,"href":"https:\/\/www.aleakpro.com\/es\/wp-json\/wp\/v2\/pages\/30605\/revisions\/32880"}],"wp:attachment":[{"href":"https:\/\/www.aleakpro.com\/es\/wp-json\/wp\/v2\/media?parent=30605"}],"curies":[{"name":"wp","href":"https:\/\/api.w.org\/{rel}","templated":true}]}}