{"id":30593,"date":"2018-07-05T08:13:35","date_gmt":"2018-07-05T08:13:35","guid":{"rendered":"http:\/\/www.aleakpro.com\/?page_id=30593"},"modified":"2019-07-05T10:33:53","modified_gmt":"2019-07-05T10:33:53","slug":"calidad","status":"publish","type":"page","link":"https:\/\/www.aleakpro.com\/es\/calidad\/","title":{"rendered":"Calidad"},"content":{"rendered":"<div class=\"wpb-content-wrapper\"><p>[vc_row][vc_column][vc_empty_space][vc_custom_heading source=\u00bbpost_title\u00bb font_container=\u00bbtag:h1|text_align:left|color:%23218b86&#8243; use_theme_fonts=\u00bbyes\u00bb][\/vc_column][\/vc_row][vc_row][vc_column width=\u00bb1\/3&#8243; offset=\u00bbvc_col-lg-4 vc_col-md-6&#8243;][vc_empty_space][vc_column_text css_animation=\u00bbfadeIn\u00bb]Somos conscientes de la importancia de una correcta gesti\u00f3n de la calidad en un sector tan exigente como el de la automoci\u00f3n. Por ello, en junio de 2019 <strong>Aleak<\/strong> se ha certificado con \u00e9xito en la norma <strong>International Automotive Task Force <a href=\"https:\/\/www.aleakpro.com\/wp-content\/uploads\/2019\/07\/Certificado-IATF.pdf\" target=\"_blank\" rel=\"noopener noreferrer\">(IATF<\/a>)<\/strong>, el sistema de gesti\u00f3n de la calidad del autom\u00f3vil.<\/p>\n<p>Tambi\u00e9n sabemos que, si queremos ser sostenibles en el tiempo, debemos cuidar de nuestro entorno y ser respetuosos con el medio y con los residuos que generamos, por lo que trabajamos respetando criterios medioambientales y de sostenibilidad.[\/vc_column_text][\/vc_column][vc_column width=\u00bb2\/3&#8243; offset=\u00bbvc_col-lg-8 vc_col-md-6&#8243;][vc_empty_space][vc_single_image image=\u00bb32051&#8243; img_size=\u00bbfull\u00bb alignment=\u00bbcenter\u00bb css_animation=\u00bbfadeIn\u00bb][\/vc_column][\/vc_row]<\/p>\n<\/div>","protected":false},"excerpt":{"rendered":"<p>[vc_row][vc_column][vc_empty_space][vc_custom_heading source=\u00bbpost_title\u00bb font_container=\u00bbtag:h1|text_align:left|color:%23218b86&#8243; use_theme_fonts=\u00bbyes\u00bb][\/vc_column][\/vc_row][vc_row][vc_column width=\u00bb1\/3&#8243; offset=\u00bbvc_col-lg-4 vc_col-md-6&#8243;][vc_empty_space][vc_column_text css_animation=\u00bbfadeIn\u00bb]Somos conscientes de la importancia de una correcta gesti\u00f3n de la calidad en un sector tan exigente como el de la automoci\u00f3n. Por ello, en junio de 2019 Aleak se ha certificado con \u00e9xito en la norma International Automotive Task Force (IATF), el sistema de gesti\u00f3n de la&hellip;<\/p>\n","protected":false},"author":1,"featured_media":0,"parent":0,"menu_order":0,"comment_status":"closed","ping_status":"closed","template":"","meta":{"footnotes":""},"class_list":["post-30593","page","type-page","status-publish","hentry","description-off"],"yoast_head":"<!-- This site is optimized with the Yoast SEO plugin v26.0 - https:\/\/yoast.com\/wordpress\/plugins\/seo\/ -->\n<title>Sistema de gesti\u00f3n de Calidad del automovil | Aleak Prototype<\/title>\n<meta name=\"description\" content=\"Aleak se encuentra en fase de certificaci\u00f3n de la norma International Automotive Task Force (IATF), el sistema de gesti\u00f3n de la calidad del autom\u00f3vil.\" \/>\n<meta name=\"robots\" content=\"index, follow, max-snippet:-1, max-image-preview:large, max-video-preview:-1\" \/>\n<link rel=\"canonical\" href=\"https:\/\/www.aleakpro.com\/es\/calidad\/\" \/>\n<meta property=\"og:locale\" content=\"es_ES\" \/>\n<meta property=\"og:type\" content=\"article\" \/>\n<meta property=\"og:title\" content=\"Sistema de gesti\u00f3n de Calidad del automovil | Aleak Prototype\" \/>\n<meta property=\"og:description\" content=\"Aleak se encuentra en fase de certificaci\u00f3n de la norma International Automotive Task Force (IATF), el sistema de gesti\u00f3n de la calidad del autom\u00f3vil.\" \/>\n<meta property=\"og:url\" content=\"https:\/\/www.aleakpro.com\/es\/calidad\/\" \/>\n<meta property=\"og:site_name\" content=\"Aleak Prototype\" \/>\n<meta property=\"article:modified_time\" content=\"2019-07-05T10:33:53+00:00\" \/>\n<meta name=\"twitter:card\" content=\"summary_large_image\" \/>\n<meta name=\"twitter:label1\" content=\"Tiempo de lectura\" \/>\n\t<meta name=\"twitter:data1\" content=\"1 minuto\" \/>\n<script type=\"application\/ld+json\" class=\"yoast-schema-graph\">{\"@context\":\"https:\/\/schema.org\",\"@graph\":[{\"@type\":\"WebPage\",\"@id\":\"https:\/\/www.aleakpro.com\/es\/calidad\/\",\"url\":\"https:\/\/www.aleakpro.com\/es\/calidad\/\",\"name\":\"Sistema de gesti\u00f3n de Calidad del automovil | Aleak Prototype\",\"isPartOf\":{\"@id\":\"https:\/\/www.aleakpro.com\/es\/#website\"},\"datePublished\":\"2018-07-05T08:13:35+00:00\",\"dateModified\":\"2019-07-05T10:33:53+00:00\",\"description\":\"Aleak se encuentra en fase de certificaci\u00f3n de la norma International Automotive Task Force (IATF), el sistema de gesti\u00f3n de la calidad del autom\u00f3vil.\",\"breadcrumb\":{\"@id\":\"https:\/\/www.aleakpro.com\/es\/calidad\/#breadcrumb\"},\"inLanguage\":\"es\",\"potentialAction\":[{\"@type\":\"ReadAction\",\"target\":[\"https:\/\/www.aleakpro.com\/es\/calidad\/\"]}]},{\"@type\":\"BreadcrumbList\",\"@id\":\"https:\/\/www.aleakpro.com\/es\/calidad\/#breadcrumb\",\"itemListElement\":[{\"@type\":\"ListItem\",\"position\":1,\"name\":\"Portada\",\"item\":\"https:\/\/www.aleakpro.com\/es\/\"},{\"@type\":\"ListItem\",\"position\":2,\"name\":\"Calidad\"}]},{\"@type\":\"WebSite\",\"@id\":\"https:\/\/www.aleakpro.com\/es\/#website\",\"url\":\"https:\/\/www.aleakpro.com\/es\/\",\"name\":\"Aleak Prototype\",\"description\":\"Mecanizados de Piezas Especiales bajo plano. Especializados en el desarrollo de series cortas y prototipos\",\"potentialAction\":[{\"@type\":\"SearchAction\",\"target\":{\"@type\":\"EntryPoint\",\"urlTemplate\":\"https:\/\/www.aleakpro.com\/es\/?s={search_term_string}\"},\"query-input\":{\"@type\":\"PropertyValueSpecification\",\"valueRequired\":true,\"valueName\":\"search_term_string\"}}],\"inLanguage\":\"es\"}]}<\/script>\n<!-- \/ Yoast SEO plugin. -->","yoast_head_json":{"title":"Sistema de gesti\u00f3n de Calidad del automovil | Aleak Prototype","description":"Aleak se encuentra en fase de certificaci\u00f3n de la norma International Automotive Task Force (IATF), el sistema de gesti\u00f3n de la calidad del autom\u00f3vil.","robots":{"index":"index","follow":"follow","max-snippet":"max-snippet:-1","max-image-preview":"max-image-preview:large","max-video-preview":"max-video-preview:-1"},"canonical":"https:\/\/www.aleakpro.com\/es\/calidad\/","og_locale":"es_ES","og_type":"article","og_title":"Sistema de gesti\u00f3n de Calidad del automovil | Aleak Prototype","og_description":"Aleak se encuentra en fase de certificaci\u00f3n de la norma International Automotive Task Force (IATF), el sistema de gesti\u00f3n de la calidad del autom\u00f3vil.","og_url":"https:\/\/www.aleakpro.com\/es\/calidad\/","og_site_name":"Aleak Prototype","article_modified_time":"2019-07-05T10:33:53+00:00","twitter_card":"summary_large_image","twitter_misc":{"Tiempo de lectura":"1 minuto"},"schema":{"@context":"https:\/\/schema.org","@graph":[{"@type":"WebPage","@id":"https:\/\/www.aleakpro.com\/es\/calidad\/","url":"https:\/\/www.aleakpro.com\/es\/calidad\/","name":"Sistema de gesti\u00f3n de Calidad del automovil | Aleak Prototype","isPartOf":{"@id":"https:\/\/www.aleakpro.com\/es\/#website"},"datePublished":"2018-07-05T08:13:35+00:00","dateModified":"2019-07-05T10:33:53+00:00","description":"Aleak se encuentra en fase de certificaci\u00f3n de la norma International Automotive Task Force (IATF), el sistema de gesti\u00f3n de la calidad del autom\u00f3vil.","breadcrumb":{"@id":"https:\/\/www.aleakpro.com\/es\/calidad\/#breadcrumb"},"inLanguage":"es","potentialAction":[{"@type":"ReadAction","target":["https:\/\/www.aleakpro.com\/es\/calidad\/"]}]},{"@type":"BreadcrumbList","@id":"https:\/\/www.aleakpro.com\/es\/calidad\/#breadcrumb","itemListElement":[{"@type":"ListItem","position":1,"name":"Portada","item":"https:\/\/www.aleakpro.com\/es\/"},{"@type":"ListItem","position":2,"name":"Calidad"}]},{"@type":"WebSite","@id":"https:\/\/www.aleakpro.com\/es\/#website","url":"https:\/\/www.aleakpro.com\/es\/","name":"Aleak Prototype","description":"Mecanizados de Piezas Especiales bajo plano. Especializados en el desarrollo de series cortas y prototipos","potentialAction":[{"@type":"SearchAction","target":{"@type":"EntryPoint","urlTemplate":"https:\/\/www.aleakpro.com\/es\/?s={search_term_string}"},"query-input":{"@type":"PropertyValueSpecification","valueRequired":true,"valueName":"search_term_string"}}],"inLanguage":"es"}]}},"_links":{"self":[{"href":"https:\/\/www.aleakpro.com\/es\/wp-json\/wp\/v2\/pages\/30593","targetHints":{"allow":["GET"]}}],"collection":[{"href":"https:\/\/www.aleakpro.com\/es\/wp-json\/wp\/v2\/pages"}],"about":[{"href":"https:\/\/www.aleakpro.com\/es\/wp-json\/wp\/v2\/types\/page"}],"author":[{"embeddable":true,"href":"https:\/\/www.aleakpro.com\/es\/wp-json\/wp\/v2\/users\/1"}],"replies":[{"embeddable":true,"href":"https:\/\/www.aleakpro.com\/es\/wp-json\/wp\/v2\/comments?post=30593"}],"version-history":[{"count":2,"href":"https:\/\/www.aleakpro.com\/es\/wp-json\/wp\/v2\/pages\/30593\/revisions"}],"predecessor-version":[{"id":32772,"href":"https:\/\/www.aleakpro.com\/es\/wp-json\/wp\/v2\/pages\/30593\/revisions\/32772"}],"wp:attachment":[{"href":"https:\/\/www.aleakpro.com\/es\/wp-json\/wp\/v2\/media?parent=30593"}],"curies":[{"name":"wp","href":"https:\/\/api.w.org\/{rel}","templated":true}]}}