{"id":30558,"date":"2018-07-05T07:52:39","date_gmt":"2018-07-05T07:52:39","guid":{"rendered":"http:\/\/www.aleakpro.com\/?page_id=30558"},"modified":"2019-03-27T09:47:29","modified_gmt":"2019-03-27T09:47:29","slug":"servicios","status":"publish","type":"page","link":"https:\/\/www.aleakpro.com\/es\/servicios\/","title":{"rendered":"Servicios de desarrollo y fabricaci\u00f3n de prototipos y series cortas"},"content":{"rendered":"<div class=\"wpb-content-wrapper\"><p>[vc_row][vc_column offset=\u00bbvc_col-lg-8 vc_col-md-9&#8243;][vc_empty_space][vc_custom_heading source=\u00bbpost_title\u00bb font_container=\u00bbtag:h1|text_align:left|color:%23218b86&#8243; use_theme_fonts=\u00bbyes\u00bb][vc_custom_heading text=\u00bbApostamos por el trabajo bien hecho\u00bb font_container=\u00bbtag:div|font_size:24px|text_align:left|line_height:28px\u00bb google_fonts=\u00bbfont_family:Ubuntu%3A300%2C300italic%2Cregular%2Citalic%2C500%2C500italic%2C700%2C700italic|font_style:300%20light%20italic%3A300%3Aitalic\u00bb css_animation=\u00bbfadeIn\u00bb css=\u00bb.vc_custom_1539776102833{padding-bottom: 20px !important;}\u00bb][vc_empty_space][\/vc_column][\/vc_row][vc_row][vc_column width=\u00bb1\/3&#8243; offset=\u00bbvc_col-lg-4 vc_col-md-6&#8243;][vc_empty_space el_class=\u00bbalt0&#8243;][vc_custom_heading text=\u00bbIngenier\u00eda y Dise\u00f1o\u00bb use_theme_fonts=\u00bbyes\u00bb css=\u00bb.vc_custom_1539764160225{padding-bottom: 20px !important;}\u00bb][vc_column_text css_animation=\u00bbfadeIn\u00bb]La oficina t\u00e9cnica permite asegurar tanto un desarrollo de proyectos conjunto con el cliente, como un suministro de piezas seg\u00fan las especificaciones del proyecto, pero siempre con la aportaci\u00f3n del valor a\u00f1adido de su know how proyectando diversas soluciones alternativas en el desarrollo de las mismas.[\/vc_column_text][vc_empty_space height=\u00bb20px\u00bb][\/vc_column][vc_column width=\u00bb2\/3&#8243; offset=\u00bbvc_col-lg-8 vc_col-md-6&#8243;][vc_single_image image=\u00bb31529&#8243; img_size=\u00bbfull\u00bb alignment=\u00bbcenter\u00bb style=\u00bbvc_box_rounded\u00bb css_animation=\u00bbfadeIn\u00bb][\/vc_column][\/vc_row][vc_row][vc_column][vc_empty_space]<div class=\"hr-thin style-line\" style=\"width: 100%;\"><\/div>[\/vc_column][\/vc_row][vc_row][vc_column width=\u00bb2\/3&#8243; css=\u00bb.vc_custom_1539762364385{margin-right: 0px !important;padding-right: 0px !important;}\u00bb][vc_single_image image=\u00bb31540&#8243; img_size=\u00bbfull\u00bb alignment=\u00bbright\u00bb][\/vc_column][vc_column width=\u00bb1\/3&#8243;][vc_empty_space height=\u00bb60px\u00bb el_class=\u00bbalt20&#8243;][vc_custom_heading text=\u00bbPrototipos y series cortas\u00bb use_theme_fonts=\u00bbyes\u00bb][vc_custom_heading text=\u00bbExpertos en proceso\u00bb font_container=\u00bbtag:h3|text_align:left\u00bb use_theme_fonts=\u00bbyes\u00bb css=\u00bb.vc_custom_1539764188644{padding-bottom: 0px !important;}\u00bb][vc_column_text]<strong>Aleak <\/strong>destaca por su conocimiento de los procesos de producci\u00f3n de series cortas y prototipo pudiendo abordar cualquier desarrollo.[\/vc_column_text][vc_empty_space][\/vc_column][\/vc_row][vc_row][vc_column]<div class=\"hr-thin style-line\" style=\"width: 100%;\"><\/div>[vc_empty_space][\/vc_column][\/vc_row][vc_row][vc_column css=\u00bb.vc_custom_1544453387767{background-image: url(https:\/\/www.aleakpro.com\/wp-content\/uploads\/2018\/12\/aleak-servicios-corte-laser1.jpg?id=32033) !important;background-position: center !important;background-repeat: no-repeat !important;background-size: cover !important;}\u00bb][vc_row_inner][vc_column_inner css=\u00bb.vc_custom_1544452886873{padding-top: 50px !important;padding-right: 50px !important;padding-bottom: 50px !important;padding-left: 50px !important;background-color: #218b86 !important;}\u00bb offset=\u00bbvc_col-lg-6 vc_col-md-6&#8243;][vc_custom_heading text=\u00bbCorte L\u00e1ser\u00bb font_container=\u00bbtag:h2|text_align:left|color:%23ffffff\u00bb use_theme_fonts=\u00bbyes\u00bb css=\u00bb.vc_custom_1544513581302{padding-bottom: 20px !important;}\u00bb][vc_custom_heading text=\u00bbL\u00e1ser 2D\u00bb font_container=\u00bbtag:h3|text_align:left|color:%23ffffff\u00bb use_theme_fonts=\u00bbyes\u00bb css=\u00bb.vc_custom_1544513588926{padding-bottom: 0px !important;}\u00bb][vc_column_text css_animation=\u00bbfadeIn\u00bb el_class=\u00bbblanco\u00bb]Superficie de corte 1500&#215;3000 en distintos materiales hasta 6 mm.[\/vc_column_text][vc_empty_space el_class=\u00bbalt0&#8243;][vc_custom_heading text=\u00bbL\u00e1ser 3D\u00bb font_container=\u00bbtag:h3|text_align:left|color:%23ffffff\u00bb use_theme_fonts=\u00bbyes\u00bb css=\u00bb.vc_custom_1544513626732{padding-bottom: 0px !important;}\u00bb][vc_column_text css_animation=\u00bbfadeIn\u00bb el_class=\u00bbblanco\u00bb]Dise\u00f1o y fabricaci\u00f3n de utillaje y programaci\u00f3n.[\/vc_column_text][vc_empty_space height=\u00bb20px\u00bb][\/vc_column_inner][\/vc_row_inner][\/vc_column][\/vc_row][vc_row][vc_column][vc_empty_space]<div class=\"hr-thin style-line\" style=\"width: 100%;\"><\/div>[\/vc_column][\/vc_row][vc_row][vc_column][vc_empty_space height=\u00bb60px\u00bb el_class=\u00bbalt20&#8243;][\/vc_column][\/vc_row][vc_row][vc_column][vc_custom_heading text=\u00bbProductos y tecnolog\u00edas\u00bb font_container=\u00bbtag:h2|text_align:center\u00bb use_theme_fonts=\u00bbyes\u00bb][vc_empty_space][vc_row_inner][vc_column_inner width=\u00bb1\/4&#8243;][vc_single_image image=\u00bb31970&#8243; img_size=\u00bb200&#215;200&#8243; alignment=\u00bbcenter\u00bb css_animation=\u00bbfadeInUp\u00bb][vc_custom_heading text=\u00bbEstampaci\u00f3n en fr\u00edo<br \/>\n(Cold stamping)\u00bb font_container=\u00bbtag:h3|font_size:17px|text_align:center|line_height:20px\u00bb use_theme_fonts=\u00bbyes\u00bb css_animation=\u00bbfadeInDown\u00bb css=\u00bb.vc_custom_1539764503403{padding-top: 10px !important;padding-right: 15px !important;padding-bottom: 20px !important;padding-left: 15px !important;}\u00bb][\/vc_column_inner][vc_column_inner width=\u00bb1\/4&#8243;][vc_single_image image=\u00bb31973&#8243; img_size=\u00bb200&#215;200&#8243; alignment=\u00bbcenter\u00bb css_animation=\u00bbfadeInUp\u00bb][vc_custom_heading text=\u00bbEstampaci\u00f3n en caliente<br \/>\n(Hot stamping)\u00bb font_container=\u00bbtag:h3|font_size:17px|text_align:center|line_height:20px\u00bb use_theme_fonts=\u00bbyes\u00bb css_animation=\u00bbfadeInDown\u00bb css=\u00bb.vc_custom_1539764538800{padding-top: 10px !important;padding-right: 15px !important;padding-bottom: 20px !important;padding-left: 15px !important;}\u00bb][\/vc_column_inner][vc_column_inner width=\u00bb1\/4&#8243;][vc_single_image image=\u00bb31976&#8243; img_size=\u00bb200&#215;200&#8243; alignment=\u00bbcenter\u00bb css_animation=\u00bbfadeInUp\u00bb][vc_custom_heading text=\u00bbPiezas de chasis\u00bb font_container=\u00bbtag:h3|font_size:17px|text_align:center|line_height:20px\u00bb use_theme_fonts=\u00bbyes\u00bb css_animation=\u00bbfadeInDown\u00bb css=\u00bb.vc_custom_1539171469962{padding-top: 10px !important;padding-right: 15px !important;padding-bottom: 20px !important;padding-left: 15px !important;}\u00bb][\/vc_column_inner][vc_column_inner width=\u00bb1\/4&#8243;][vc_single_image image=\u00bb31967&#8243; img_size=\u00bb200&#215;200&#8243; alignment=\u00bbcenter\u00bb css_animation=\u00bbfadeInUp\u00bb][vc_custom_heading text=\u00bbPiezas de Body in White (BIW)\u00bb font_container=\u00bbtag:h3|font_size:17px|text_align:center|line_height:20px\u00bb use_theme_fonts=\u00bbyes\u00bb css_animation=\u00bbfadeInDown\u00bb css=\u00bb.vc_custom_1547035635202{padding-top: 10px !important;padding-right: 15px !important;padding-bottom: 20px !important;padding-left: 15px !important;}\u00bb][\/vc_column_inner][\/vc_row_inner][\/vc_column][\/vc_row][vc_row][vc_column][vc_empty_space height=\u00bb60px\u00bb][\/vc_column][\/vc_row][vc_row type=\u00bb1&#8243; bg_color=\u00bb#f5f5f5&#8243; bg_position=\u00bbbottom\u00bb bg_cover=\u00bbtrue\u00bb][vc_column]<div class=\"hr-thin style-line\" style=\"width: 100%;\"><\/div>[vc_empty_space height=\u00bb60px\u00bb][vc_custom_heading text=\u00bbTrabajamos diversos materiales, incluyendo toda la gama de aceros y aluminio\u00bb font_container=\u00bbtag:h2|text_align:center\u00bb use_theme_fonts=\u00bbyes\u00bb][vc_empty_space height=\u00bb40px\u00bb el_class=\u00bbalt20&#8243;][vc_row_inner][vc_column_inner width=\u00bb1\/4&#8243;][vc_single_image image=\u00bb32037&#8243; img_size=\u00bbfull\u00bb alignment=\u00bbcenter\u00bb style=\u00bbvc_box_rounded\u00bb][vc_empty_space height=\u00bb20px\u00bb][vc_custom_heading text=\u00bbSeries Cortas\u00bb font_container=\u00bbtag:h3|text_align:center\u00bb use_theme_fonts=\u00bbyes\u00bb][vc_column_text]<\/p>\n<p style=\"text-align: center;\">Somos capaces de dar respuesta a las necesidades del exigente mercado de las Series Cortas, en el que la calidad y la adaptaci\u00f3n a las especificaciones del cliente son imprescindibles.<\/p>\n<p>[\/vc_column_text][vc_empty_space height=\u00bb30px\u00bb][\/vc_column_inner][vc_column_inner width=\u00bb1\/4&#8243;][vc_single_image image=\u00bb32048&#8243; img_size=\u00bbfull\u00bb alignment=\u00bbcenter\u00bb style=\u00bbvc_box_rounded\u00bb][vc_empty_space height=\u00bb20px\u00bb][vc_custom_heading text=\u00bbMatricer\u00eda y Estampaci\u00f3n\u00bb font_container=\u00bbtag:h3|text_align:center\u00bb use_theme_fonts=\u00bbyes\u00bb][vc_column_text]<\/p>\n<p style=\"text-align: center;\">Nuestro conocimiento del sector del autom\u00f3vil nos permite acometer proyectos que requieran de trabajos de matricer\u00eda y estampaci\u00f3n, tanto en fr\u00edo como en caliente (cold y hot stamping).<\/p>\n<p>[\/vc_column_text][vc_empty_space height=\u00bb30px\u00bb][\/vc_column_inner][vc_column_inner width=\u00bb1\/4&#8243;][vc_single_image image=\u00bb32045&#8243; img_size=\u00bbfull\u00bb alignment=\u00bbcenter\u00bb style=\u00bbvc_box_rounded\u00bb][vc_empty_space height=\u00bb20px\u00bb][vc_custom_heading text=\u00bbL\u00e1ser 3D\u00bb font_container=\u00bbtag:h3|text_align:center\u00bb use_theme_fonts=\u00bbyes\u00bb][vc_column_text]<\/p>\n<p style=\"text-align: center;\">Contamos con los medios t\u00e9cnicos y humanos para ofrecer servicios de corte l\u00e1ser 3D de piezas del sector de la automoci\u00f3n.<\/p>\n<p>[\/vc_column_text][vc_empty_space height=\u00bb30px\u00bb][\/vc_column_inner][vc_column_inner width=\u00bb1\/4&#8243;][vc_single_image image=\u00bb32042&#8243; img_size=\u00bbfull\u00bb alignment=\u00bbcenter\u00bb style=\u00bbvc_box_rounded\u00bb][vc_empty_space height=\u00bb20px\u00bb][vc_custom_heading text=\u00bbMedios de Control\u00bb font_container=\u00bbtag:h3|text_align:center\u00bb use_theme_fonts=\u00bbyes\u00bb][vc_column_text]<\/p>\n<p style=\"text-align: center;\">Verificamos y validamos los productos fabricados y desarrollados por Aleak.<\/p>\n<p>[\/vc_column_text][\/vc_column_inner][\/vc_row_inner][vc_empty_space height=\u00bb60px\u00bb][\/vc_column][\/vc_row][vc_row type=\u00bb1&#8243; bg_color=\u00bb#ffffff\u00bb bg_position=\u00bbbottom\u00bb bg_image=\u00bbhttps:\/\/www.aleakpro.com\/wp-content\/uploads\/2018\/10\/aleak-servicios-fabricacion.jpg\u00bb][vc_column offset=\u00bbvc_col-lg-6 vc_col-md-6&#8243; css=\u00bb.vc_custom_1539775401633{background-color: rgba(255,255,255,0.9) !important;*background-color: rgb(255,255,255) !important;}\u00bb][vc_empty_space height=\u00bb60px\u00bb][vc_custom_heading text=\u00bbOfrecemos servicios de desarrollo y fabricaci\u00f3n de&#8230;\u00bb use_theme_fonts=\u00bbyes\u00bb css=\u00bb.vc_custom_1539768143485{padding-bottom: 20px !important;}\u00bb][vc_row_inner css=\u00bb.vc_custom_1539768995995{margin-bottom: 0px !important;padding-bottom: 0px !important;}\u00bb][vc_column_inner width=\u00bb1\/3&#8243;][vc_single_image image=\u00bb32087&#8243; img_size=\u00bb200px\u00bb alignment=\u00bbcenter\u00bb][vc_empty_space height=\u00bb10px\u00bb][vc_custom_heading text=\u00bbPrototipos\u00bb font_container=\u00bbtag:h4|text_align:center\u00bb use_theme_fonts=\u00bbyes\u00bb css=\u00bb.vc_custom_1539769081964{padding-bottom: 20px !important;}\u00bb][\/vc_column_inner][vc_column_inner width=\u00bb1\/3&#8243;][vc_single_image image=\u00bb32090&#8243; img_size=\u00bb200px\u00bb alignment=\u00bbcenter\u00bb][vc_empty_space height=\u00bb10px\u00bb][vc_custom_heading text=\u00bbSeries Cortas\u00bb font_container=\u00bbtag:h4|text_align:center\u00bb use_theme_fonts=\u00bbyes\u00bb css=\u00bb.vc_custom_1539769087946{padding-bottom: 20px !important;}\u00bb][\/vc_column_inner][vc_column_inner width=\u00bb1\/3&#8243;][vc_single_image image=\u00bb32094&#8243; img_size=\u00bb200px\u00bb alignment=\u00bbcenter\u00bb][vc_empty_space height=\u00bb10px\u00bb][vc_custom_heading text=\u00bbUtillaje\u00bb font_container=\u00bbtag:h4|text_align:center\u00bb use_theme_fonts=\u00bbyes\u00bb css=\u00bb.vc_custom_1539769093529{padding-bottom: 20px !important;}\u00bb][\/vc_column_inner][\/vc_row_inner][vc_column_text css_animation=\u00bbfadeIn\u00bb]<\/p>\n<p>En aquellos procesos de fabricaci\u00f3n que no podemos abordar con nuestros propios medios, contamos con empresas colaboradoras cercanas que nos permiten ofrecer un servicio completo de total confianza.<\/p>\n<p>[\/vc_column_text][vc_empty_space height=\u00bb60px\u00bb][\/vc_column][\/vc_row]<\/p>\n<\/div>","protected":false},"excerpt":{"rendered":"<p>[vc_row][vc_column offset=\u00bbvc_col-lg-8 vc_col-md-9&#8243;][vc_empty_space][vc_custom_heading source=\u00bbpost_title\u00bb font_container=\u00bbtag:h1|text_align:left|color:%23218b86&#8243; use_theme_fonts=\u00bbyes\u00bb][vc_custom_heading text=\u00bbApostamos por el trabajo bien hecho\u00bb font_container=\u00bbtag:div|font_size:24px|text_align:left|line_height:28px\u00bb google_fonts=\u00bbfont_family:Ubuntu%3A300%2C300italic%2Cregular%2Citalic%2C500%2C500italic%2C700%2C700italic|font_style:300%20light%20italic%3A300%3Aitalic\u00bb css_animation=\u00bbfadeIn\u00bb css=\u00bb.vc_custom_1539776102833{padding-bottom: 20px !important;}\u00bb][vc_empty_space][\/vc_column][\/vc_row][vc_row][vc_column width=\u00bb1\/3&#8243; offset=\u00bbvc_col-lg-4 vc_col-md-6&#8243;][vc_empty_space el_class=\u00bbalt0&#8243;][vc_custom_heading text=\u00bbIngenier\u00eda y Dise\u00f1o\u00bb use_theme_fonts=\u00bbyes\u00bb css=\u00bb.vc_custom_1539764160225{padding-bottom: 20px !important;}\u00bb][vc_column_text css_animation=\u00bbfadeIn\u00bb]La oficina t\u00e9cnica permite asegurar tanto un desarrollo de proyectos conjunto con el cliente, como un suministro de piezas seg\u00fan las especificaciones del proyecto, pero siempre&hellip;<\/p>\n","protected":false},"author":1,"featured_media":0,"parent":0,"menu_order":0,"comment_status":"closed","ping_status":"closed","template":"","meta":{"footnotes":""},"class_list":["post-30558","page","type-page","status-publish","hentry","description-off"],"yoast_head":"<!-- This site is optimized with the Yoast SEO plugin v26.0 - https:\/\/yoast.com\/wordpress\/plugins\/seo\/ -->\n<title>Servicios de desarrollo y fabricaci\u00f3n de prototipos y series cortas | Aleak Prototype<\/title>\n<meta name=\"description\" content=\"Trabajamos diversos materiales, incluyendo toda la gama de aceros y aluminio. Series cortas, matricer\u00eda y estampaci\u00f3n, l\u00e1ser 3D. Verificamos y validamos los productos fabricados.\" \/>\n<meta name=\"robots\" content=\"index, follow, max-snippet:-1, max-image-preview:large, max-video-preview:-1\" \/>\n<link rel=\"canonical\" href=\"https:\/\/www.aleakpro.com\/es\/servicios\/\" \/>\n<meta property=\"og:locale\" content=\"es_ES\" \/>\n<meta property=\"og:type\" content=\"article\" \/>\n<meta property=\"og:title\" content=\"Servicios de desarrollo y fabricaci\u00f3n de prototipos y series cortas | Aleak Prototype\" \/>\n<meta property=\"og:description\" content=\"Trabajamos diversos materiales, incluyendo toda la gama de aceros y aluminio. Series cortas, matricer\u00eda y estampaci\u00f3n, l\u00e1ser 3D. Verificamos y validamos los productos fabricados.\" \/>\n<meta property=\"og:url\" content=\"https:\/\/www.aleakpro.com\/es\/servicios\/\" \/>\n<meta property=\"og:site_name\" content=\"Aleak Prototype\" \/>\n<meta property=\"article:modified_time\" content=\"2019-03-27T09:47:29+00:00\" \/>\n<meta name=\"twitter:card\" content=\"summary_large_image\" \/>\n<meta name=\"twitter:label1\" content=\"Tiempo de lectura\" \/>\n\t<meta name=\"twitter:data1\" content=\"8 minutos\" \/>\n<script type=\"application\/ld+json\" class=\"yoast-schema-graph\">{\"@context\":\"https:\/\/schema.org\",\"@graph\":[{\"@type\":\"WebPage\",\"@id\":\"https:\/\/www.aleakpro.com\/es\/servicios\/\",\"url\":\"https:\/\/www.aleakpro.com\/es\/servicios\/\",\"name\":\"Servicios de desarrollo y fabricaci\u00f3n de prototipos y series cortas | Aleak Prototype\",\"isPartOf\":{\"@id\":\"https:\/\/www.aleakpro.com\/es\/#website\"},\"datePublished\":\"2018-07-05T07:52:39+00:00\",\"dateModified\":\"2019-03-27T09:47:29+00:00\",\"description\":\"Trabajamos diversos materiales, incluyendo toda la gama de aceros y aluminio. Series cortas, matricer\u00eda y estampaci\u00f3n, l\u00e1ser 3D. Verificamos y validamos los productos fabricados.\",\"breadcrumb\":{\"@id\":\"https:\/\/www.aleakpro.com\/es\/servicios\/#breadcrumb\"},\"inLanguage\":\"es\",\"potentialAction\":[{\"@type\":\"ReadAction\",\"target\":[\"https:\/\/www.aleakpro.com\/es\/servicios\/\"]}]},{\"@type\":\"BreadcrumbList\",\"@id\":\"https:\/\/www.aleakpro.com\/es\/servicios\/#breadcrumb\",\"itemListElement\":[{\"@type\":\"ListItem\",\"position\":1,\"name\":\"Portada\",\"item\":\"https:\/\/www.aleakpro.com\/es\/\"},{\"@type\":\"ListItem\",\"position\":2,\"name\":\"Servicios de desarrollo y fabricaci\u00f3n de prototipos y series cortas\"}]},{\"@type\":\"WebSite\",\"@id\":\"https:\/\/www.aleakpro.com\/es\/#website\",\"url\":\"https:\/\/www.aleakpro.com\/es\/\",\"name\":\"Aleak Prototype\",\"description\":\"Mecanizados de Piezas Especiales bajo plano. Especializados en el desarrollo de series cortas y prototipos\",\"potentialAction\":[{\"@type\":\"SearchAction\",\"target\":{\"@type\":\"EntryPoint\",\"urlTemplate\":\"https:\/\/www.aleakpro.com\/es\/?s={search_term_string}\"},\"query-input\":{\"@type\":\"PropertyValueSpecification\",\"valueRequired\":true,\"valueName\":\"search_term_string\"}}],\"inLanguage\":\"es\"}]}<\/script>\n<!-- \/ Yoast SEO plugin. -->","yoast_head_json":{"title":"Servicios de desarrollo y fabricaci\u00f3n de prototipos y series cortas | Aleak Prototype","description":"Trabajamos diversos materiales, incluyendo toda la gama de aceros y aluminio. Series cortas, matricer\u00eda y estampaci\u00f3n, l\u00e1ser 3D. Verificamos y validamos los productos fabricados.","robots":{"index":"index","follow":"follow","max-snippet":"max-snippet:-1","max-image-preview":"max-image-preview:large","max-video-preview":"max-video-preview:-1"},"canonical":"https:\/\/www.aleakpro.com\/es\/servicios\/","og_locale":"es_ES","og_type":"article","og_title":"Servicios de desarrollo y fabricaci\u00f3n de prototipos y series cortas | Aleak Prototype","og_description":"Trabajamos diversos materiales, incluyendo toda la gama de aceros y aluminio. Series cortas, matricer\u00eda y estampaci\u00f3n, l\u00e1ser 3D. Verificamos y validamos los productos fabricados.","og_url":"https:\/\/www.aleakpro.com\/es\/servicios\/","og_site_name":"Aleak Prototype","article_modified_time":"2019-03-27T09:47:29+00:00","twitter_card":"summary_large_image","twitter_misc":{"Tiempo de lectura":"8 minutos"},"schema":{"@context":"https:\/\/schema.org","@graph":[{"@type":"WebPage","@id":"https:\/\/www.aleakpro.com\/es\/servicios\/","url":"https:\/\/www.aleakpro.com\/es\/servicios\/","name":"Servicios de desarrollo y fabricaci\u00f3n de prototipos y series cortas | Aleak Prototype","isPartOf":{"@id":"https:\/\/www.aleakpro.com\/es\/#website"},"datePublished":"2018-07-05T07:52:39+00:00","dateModified":"2019-03-27T09:47:29+00:00","description":"Trabajamos diversos materiales, incluyendo toda la gama de aceros y aluminio. Series cortas, matricer\u00eda y estampaci\u00f3n, l\u00e1ser 3D. Verificamos y validamos los productos fabricados.","breadcrumb":{"@id":"https:\/\/www.aleakpro.com\/es\/servicios\/#breadcrumb"},"inLanguage":"es","potentialAction":[{"@type":"ReadAction","target":["https:\/\/www.aleakpro.com\/es\/servicios\/"]}]},{"@type":"BreadcrumbList","@id":"https:\/\/www.aleakpro.com\/es\/servicios\/#breadcrumb","itemListElement":[{"@type":"ListItem","position":1,"name":"Portada","item":"https:\/\/www.aleakpro.com\/es\/"},{"@type":"ListItem","position":2,"name":"Servicios de desarrollo y fabricaci\u00f3n de prototipos y series cortas"}]},{"@type":"WebSite","@id":"https:\/\/www.aleakpro.com\/es\/#website","url":"https:\/\/www.aleakpro.com\/es\/","name":"Aleak Prototype","description":"Mecanizados de Piezas Especiales bajo plano. Especializados en el desarrollo de series cortas y prototipos","potentialAction":[{"@type":"SearchAction","target":{"@type":"EntryPoint","urlTemplate":"https:\/\/www.aleakpro.com\/es\/?s={search_term_string}"},"query-input":{"@type":"PropertyValueSpecification","valueRequired":true,"valueName":"search_term_string"}}],"inLanguage":"es"}]}},"_links":{"self":[{"href":"https:\/\/www.aleakpro.com\/es\/wp-json\/wp\/v2\/pages\/30558","targetHints":{"allow":["GET"]}}],"collection":[{"href":"https:\/\/www.aleakpro.com\/es\/wp-json\/wp\/v2\/pages"}],"about":[{"href":"https:\/\/www.aleakpro.com\/es\/wp-json\/wp\/v2\/types\/page"}],"author":[{"embeddable":true,"href":"https:\/\/www.aleakpro.com\/es\/wp-json\/wp\/v2\/users\/1"}],"replies":[{"embeddable":true,"href":"https:\/\/www.aleakpro.com\/es\/wp-json\/wp\/v2\/comments?post=30558"}],"version-history":[{"count":4,"href":"https:\/\/www.aleakpro.com\/es\/wp-json\/wp\/v2\/pages\/30558\/revisions"}],"predecessor-version":[{"id":32732,"href":"https:\/\/www.aleakpro.com\/es\/wp-json\/wp\/v2\/pages\/30558\/revisions\/32732"}],"wp:attachment":[{"href":"https:\/\/www.aleakpro.com\/es\/wp-json\/wp\/v2\/media?parent=30558"}],"curies":[{"name":"wp","href":"https:\/\/api.w.org\/{rel}","templated":true}]}}