{"id":30556,"date":"2018-07-05T07:52:18","date_gmt":"2018-07-05T07:52:18","guid":{"rendered":"http:\/\/www.aleakpro.com\/?page_id=30556"},"modified":"2023-07-06T12:34:46","modified_gmt":"2023-07-06T12:34:46","slug":"capacidad-tecnica-y-equipo-humano","status":"publish","type":"page","link":"https:\/\/www.aleakpro.com\/es\/capacidad-tecnica-y-equipo-humano\/","title":{"rendered":"Capacidad t\u00e9cnica y equipo humano"},"content":{"rendered":"<div class=\"wpb-content-wrapper\"><p>[vc_row][vc_column][vc_empty_space][vc_custom_heading source=\u00bbpost_title\u00bb font_container=\u00bbtag:h1|text_align:left|color:%23218b86&#8243; use_theme_fonts=\u00bbyes\u00bb][\/vc_column][\/vc_row][vc_row][vc_column][vc_empty_space][vc_column_text css_animation=\u00bbfadeIn\u00bb]<strong>Aleak <\/strong>est\u00e1 provista de medios t\u00e9cnicos adaptados a las m\u00e1s diversas necesidades de producci\u00f3n y cuenta con las m\u00e1s avanzadas tecnolog\u00edas al servicio de la fabricaci\u00f3n de prototipos y series cortas:[\/vc_column_text][vc_empty_space height=\u00bb50px\u00bb][vc_custom_heading text=\u00bbUna de las empresas l\u00edderes en prototipos en el mercado nacional\u00bb font_container=\u00bbtag:div|font_size:24px|text_align:center|line_height:28px\u00bb google_fonts=\u00bbfont_family:Ubuntu%3A300%2C300italic%2Cregular%2Citalic%2C500%2C500italic%2C700%2C700italic|font_style:300%20light%20italic%3A300%3Aitalic\u00bb css_animation=\u00bbfadeIn\u00bb][vc_empty_space height=\u00bb50px\u00bb]<div class=\"hr-thin style-line\" style=\"width: 50%;\"><\/div>[\/vc_column][\/vc_row][vc_row type=\u00bb1&#8243; bg_cover=\u00bbtrue\u00bb bg_attachment=\u00bbtrue\u00bb padding_bottom=\u00bb200px\u00bb enable_parallax=\u00bbfalse\u00bb bg_image=\u00bbhttps:\/\/www.aleakpro.com\/wp-content\/uploads\/2018\/10\/aleak-capacidad-medios-tecnicos.jpg\u00bb][vc_column offset=\u00bbvc_col-lg-6 vc_col-md-6&#8243; css=\u00bb.vc_custom_1539775350302{margin-top: 50px !important;margin-bottom: 50px !important;padding-top: 30px !important;padding-right: 30px !important;padding-bottom: 30px !important;padding-left: 20px !important;background-color: rgba(255,255,255,0.9) !important;*background-color: rgb(255,255,255) !important;}\u00bb][vc_empty_space height=\u00bb30px\u00bb][vc_custom_heading text=\u00bbMedios t\u00e9cnicos\u00bb use_theme_fonts=\u00bbyes\u00bb][vc_empty_space height=\u00bb30px\u00bb]<div class=\"standard-arrow list-divider bullet-top\"><ul>\n<li>Prensa mec\u00e1nica Erfurt 1200 tm 4000\u00d72500.<\/li>\n<li>Prensa hidr\u00e1ulica Onapress 400 tm 2400\u00d71000.<\/li>\n<li>Prensa mec\u00e1nica Arisa 250 tm 1500\u00d7900.<\/li>\n<li>L\u00e1ser 3D. Modelo rapido\u00ae evoluzione2 de Prima Power. 4080x1530x765.<\/li>\n<li>Tridimensional 4.000 x 1.600 x 1.800mm.<\/li>\n<li>Brazo faro l\u00e1ser.<\/li>\n<\/ul>\n<\/div>[vc_empty_space height=\u00bb30px\u00bb][vc_custom_heading text=\u00bbDisponemos adem\u00e1s, a trav\u00e9s de nuestros Partners, de:\u00bb font_container=\u00bbtag:h3|text_align:left\u00bb use_theme_fonts=\u00bbyes\u00bb css=\u00bb.vc_custom_1544446180332{padding-bottom: 10px !important;}\u00bb]<div class=\"standard-arrow list-divider bullet-top\"><ul>\n<li>Prensa hidr\u00e1ulica 1000 tm 3500\u00d72200 con horno para estampaci\u00f3n en caliente.<\/li>\n<li>Prensa hidr\u00e1ulica Loire 650 tm 3500\u00d72000.<\/li>\n<\/ul>\n<\/div>[vc_empty_space height=\u00bb30px\u00bb][vc_raw_html]JTNDYSUyMG5hbWUlM0QlMjJFcXVpcG9IdW1hbm8lMjIlM0UlM0MlMkZhJTNF[\/vc_raw_html][\/vc_column][\/vc_row][vc_row][vc_column animation=\u00bbfadeInUp\u00bb offset=\u00bbvc_col-lg-offset-0 vc_col-md-offset-0&#8243; css=\u00bb.vc_custom_1539691914126{margin-top: 0px !important;margin-right: 0px !important;margin-bottom: 0px !important;margin-left: 0px !important;padding-top: 0px !important;padding-right: 0px !important;padding-bottom: 0px !important;padding-left: 0px !important;background-color: rgba(255,255,255,0.9) !important;*background-color: rgb(255,255,255) !important;}\u00bb][vc_row_inner css=\u00bb.vc_custom_1539691683268{margin-top: -100px !important;margin-right: 0px !important;margin-left: 0px !important;padding-right: 0px !important;padding-left: 0px !important;background-image: url(https:\/\/www.aleakpro.com\/wp-content\/uploads\/2018\/10\/aleak-capacidad-medios-equipo-humano.jpg?id=31473) !important;background-position: center !important;background-repeat: no-repeat !important;background-size: cover !important;}\u00bb el_class=\u00bbnoPadding\u00bb][vc_column_inner offset=\u00bbvc_col-lg-offset-6 vc_col-lg-6 vc_col-md-offset-6 vc_col-md-6&#8243; css=\u00bb.vc_custom_1539693437538{margin-top: 0px !important;margin-right: 0px !important;margin-bottom: 0px !important;margin-left: 0px !important;padding-top: 50px !important;padding-right: 50px !important;padding-bottom: 50px !important;padding-left: 50px !important;background-color: #f5f5f5 !important;}\u00bb][vc_custom_heading text=\u00bbEquipo humano\u00bb use_theme_fonts=\u00bbyes\u00bb][vc_custom_heading text=\u00bbApostamos por el trabajo bien hecho\u00bb font_container=\u00bbtag:h3|text_align:left\u00bb use_theme_fonts=\u00bbyes\u00bb css=\u00bb.vc_custom_1539692348823{padding-bottom: 10px !important;}\u00bb][vc_column_text css_animation=\u00bbfadeIn\u00bb]Contamos con un equipo de 25 personas que destaca por su alta cualificaci\u00f3n y que apuesta por el trabajo bien hecho.[\/vc_column_text][vc_empty_space height=\u00bb30px\u00bb]<div class=\"standard-arrow list-divider bullet-top\"><ul>\n<li>Direcci\u00f3n (financiera, industrial y comercial).<\/li>\n<li>Direcci\u00f3n calidad y t\u00e9cnica.<\/li>\n<li>Ingenier\u00eda.<\/li>\n<li>Taller (matricer\u00eda y prensas).<\/li>\n<li>Corte L\u00e1ser 2D y 3D.<\/li>\n<li>Metrolog\u00eda.<\/li>\n<li>Log\u00edstica.<\/li>\n<\/ul>\n<\/div>[vc_empty_space height=\u00bb30px\u00bb][\/vc_column_inner][\/vc_row_inner][\/vc_column][\/vc_row][vc_row][vc_column width=\u00bb1\/2&#8243;][vc_empty_space height=\u00bb80px\u00bb][vc_custom_heading text=\u00bbTecnolog\u00edas\u00bb use_theme_fonts=\u00bbyes\u00bb][vc_custom_heading text=\u00bbLa tecnolog\u00eda al servicio de la fabricaci\u00f3n\u00bb font_container=\u00bbtag:h3|text_align:left\u00bb use_theme_fonts=\u00bbyes\u00bb css=\u00bb.vc_custom_1539693175409{padding-bottom: 10px !important;}\u00bb][vc_column_text css_animation=\u00bbfadeIn\u00bb]Las tecnolog\u00edas de fabricaci\u00f3n que utiliza <strong>Aleak<\/strong> en sus procesos son las siguientes:[\/vc_column_text][vc_empty_space height=\u00bb30px\u00bb]<div class=\"standard-arrow list-divider bullet-top\"><ul>\n<li>Catia V5 (5 licencias).<\/li>\n<li>Cimatron.<\/li>\n<li>Autoform (1 licencia).<\/li>\n<li>Tebis (1 licencia).<\/li>\n<li>M3.<\/li>\n<li>CAM2.<\/li>\n<li>Maestro.<\/li>\n<\/ul>\n<\/div>[vc_empty_space height=\u00bb30px\u00bb][vc_column_text css_animation=\u00bbfadeIn\u00bb]En <strong>Aleak <\/strong>estamos siempre mirando hacia adelante, apostando por la Investigaci\u00f3n y el Desarrollo, que se encuentran integrados en nuestra filosof\u00eda de empresa y en nuestro proceso de desarrollo y fabricaci\u00f3n de piezas y utillaje.[\/vc_column_text][vc_empty_space height=\u00bb60px\u00bb][\/vc_column][vc_column width=\u00bb1\/2&#8243;][vc_single_image image=\u00bb31518&#8243; img_size=\u00bbfull\u00bb alignment=\u00bbcenter\u00bb css_animation=\u00bbfadeIn\u00bb][\/vc_column][\/vc_row]<\/p>\n<\/div>","protected":false},"excerpt":{"rendered":"<p>[vc_row][vc_column][vc_empty_space][vc_custom_heading source=\u00bbpost_title\u00bb font_container=\u00bbtag:h1|text_align:left|color:%23218b86&#8243; use_theme_fonts=\u00bbyes\u00bb][\/vc_column][\/vc_row][vc_row][vc_column][vc_empty_space][vc_column_text css_animation=\u00bbfadeIn\u00bb]Aleak est\u00e1 provista de medios t\u00e9cnicos adaptados a las m\u00e1s diversas necesidades de producci\u00f3n y cuenta con las m\u00e1s avanzadas tecnolog\u00edas al servicio de la fabricaci\u00f3n de prototipos y series cortas:[\/vc_column_text][vc_empty_space height=\u00bb50px\u00bb][vc_custom_heading text=\u00bbUna de las empresas l\u00edderes en prototipos en el mercado nacional\u00bb font_container=\u00bbtag:div|font_size:24px|text_align:center|line_height:28px\u00bb google_fonts=\u00bbfont_family:Ubuntu%3A300%2C300italic%2Cregular%2Citalic%2C500%2C500italic%2C700%2C700italic|font_style:300%20light%20italic%3A300%3Aitalic\u00bb css_animation=\u00bbfadeIn\u00bb][vc_empty_space height=\u00bb50px\u00bb][\/vc_column][\/vc_row][vc_row type=\u00bb1&#8243; bg_cover=\u00bbtrue\u00bb bg_attachment=\u00bbtrue\u00bb padding_bottom=\u00bb200px\u00bb&hellip;<\/p>\n","protected":false},"author":1,"featured_media":0,"parent":0,"menu_order":0,"comment_status":"closed","ping_status":"closed","template":"","meta":{"footnotes":""},"class_list":["post-30556","page","type-page","status-publish","hentry","description-off"],"yoast_head":"<!-- This site is optimized with the Yoast SEO plugin v26.0 - https:\/\/yoast.com\/wordpress\/plugins\/seo\/ -->\n<title>Capacidad t\u00e9cnica y equipo humano | Aleak Prototype<\/title>\n<meta name=\"description\" content=\"Aleak est\u00e1 provista de medios t\u00e9cnicos adaptados a las necesidades de producci\u00f3n y cuenta con las m\u00e1s avanzadas tecnolog\u00edas de fabricaci\u00f3n de prototipos y series cortas. Un equipo humano con amplia experiencia en el sector.\" \/>\n<meta name=\"robots\" content=\"index, follow, max-snippet:-1, max-image-preview:large, max-video-preview:-1\" \/>\n<link rel=\"canonical\" href=\"https:\/\/www.aleakpro.com\/es\/capacidad-tecnica-y-equipo-humano\/\" \/>\n<meta property=\"og:locale\" content=\"es_ES\" \/>\n<meta property=\"og:type\" content=\"article\" \/>\n<meta property=\"og:title\" content=\"Capacidad t\u00e9cnica y equipo humano | Aleak Prototype\" \/>\n<meta property=\"og:description\" content=\"Aleak est\u00e1 provista de medios t\u00e9cnicos adaptados a las necesidades de producci\u00f3n y cuenta con las m\u00e1s avanzadas tecnolog\u00edas de fabricaci\u00f3n de prototipos y series cortas. Un equipo humano con amplia experiencia en el sector.\" \/>\n<meta property=\"og:url\" content=\"https:\/\/www.aleakpro.com\/es\/capacidad-tecnica-y-equipo-humano\/\" \/>\n<meta property=\"og:site_name\" content=\"Aleak Prototype\" \/>\n<meta property=\"article:modified_time\" content=\"2023-07-06T12:34:46+00:00\" \/>\n<meta name=\"twitter:card\" content=\"summary_large_image\" \/>\n<meta name=\"twitter:label1\" content=\"Tiempo de lectura\" \/>\n\t<meta name=\"twitter:data1\" content=\"4 minutos\" \/>\n<script type=\"application\/ld+json\" class=\"yoast-schema-graph\">{\"@context\":\"https:\/\/schema.org\",\"@graph\":[{\"@type\":\"WebPage\",\"@id\":\"https:\/\/www.aleakpro.com\/es\/capacidad-tecnica-y-equipo-humano\/\",\"url\":\"https:\/\/www.aleakpro.com\/es\/capacidad-tecnica-y-equipo-humano\/\",\"name\":\"Capacidad t\u00e9cnica y equipo humano | Aleak Prototype\",\"isPartOf\":{\"@id\":\"https:\/\/www.aleakpro.com\/es\/#website\"},\"datePublished\":\"2018-07-05T07:52:18+00:00\",\"dateModified\":\"2023-07-06T12:34:46+00:00\",\"description\":\"Aleak est\u00e1 provista de medios t\u00e9cnicos adaptados a las necesidades de producci\u00f3n y cuenta con las m\u00e1s avanzadas tecnolog\u00edas de fabricaci\u00f3n de prototipos y series cortas. Un equipo humano con amplia experiencia en el sector.\",\"breadcrumb\":{\"@id\":\"https:\/\/www.aleakpro.com\/es\/capacidad-tecnica-y-equipo-humano\/#breadcrumb\"},\"inLanguage\":\"es\",\"potentialAction\":[{\"@type\":\"ReadAction\",\"target\":[\"https:\/\/www.aleakpro.com\/es\/capacidad-tecnica-y-equipo-humano\/\"]}]},{\"@type\":\"BreadcrumbList\",\"@id\":\"https:\/\/www.aleakpro.com\/es\/capacidad-tecnica-y-equipo-humano\/#breadcrumb\",\"itemListElement\":[{\"@type\":\"ListItem\",\"position\":1,\"name\":\"Portada\",\"item\":\"https:\/\/www.aleakpro.com\/es\/\"},{\"@type\":\"ListItem\",\"position\":2,\"name\":\"Capacidad t\u00e9cnica y equipo humano\"}]},{\"@type\":\"WebSite\",\"@id\":\"https:\/\/www.aleakpro.com\/es\/#website\",\"url\":\"https:\/\/www.aleakpro.com\/es\/\",\"name\":\"Aleak Prototype\",\"description\":\"Mecanizados de Piezas Especiales bajo plano. Especializados en el desarrollo de series cortas y prototipos\",\"potentialAction\":[{\"@type\":\"SearchAction\",\"target\":{\"@type\":\"EntryPoint\",\"urlTemplate\":\"https:\/\/www.aleakpro.com\/es\/?s={search_term_string}\"},\"query-input\":{\"@type\":\"PropertyValueSpecification\",\"valueRequired\":true,\"valueName\":\"search_term_string\"}}],\"inLanguage\":\"es\"}]}<\/script>\n<!-- \/ Yoast SEO plugin. -->","yoast_head_json":{"title":"Capacidad t\u00e9cnica y equipo humano | Aleak Prototype","description":"Aleak est\u00e1 provista de medios t\u00e9cnicos adaptados a las necesidades de producci\u00f3n y cuenta con las m\u00e1s avanzadas tecnolog\u00edas de fabricaci\u00f3n de prototipos y series cortas. Un equipo humano con amplia experiencia en el sector.","robots":{"index":"index","follow":"follow","max-snippet":"max-snippet:-1","max-image-preview":"max-image-preview:large","max-video-preview":"max-video-preview:-1"},"canonical":"https:\/\/www.aleakpro.com\/es\/capacidad-tecnica-y-equipo-humano\/","og_locale":"es_ES","og_type":"article","og_title":"Capacidad t\u00e9cnica y equipo humano | Aleak Prototype","og_description":"Aleak est\u00e1 provista de medios t\u00e9cnicos adaptados a las necesidades de producci\u00f3n y cuenta con las m\u00e1s avanzadas tecnolog\u00edas de fabricaci\u00f3n de prototipos y series cortas. Un equipo humano con amplia experiencia en el sector.","og_url":"https:\/\/www.aleakpro.com\/es\/capacidad-tecnica-y-equipo-humano\/","og_site_name":"Aleak Prototype","article_modified_time":"2023-07-06T12:34:46+00:00","twitter_card":"summary_large_image","twitter_misc":{"Tiempo de lectura":"4 minutos"},"schema":{"@context":"https:\/\/schema.org","@graph":[{"@type":"WebPage","@id":"https:\/\/www.aleakpro.com\/es\/capacidad-tecnica-y-equipo-humano\/","url":"https:\/\/www.aleakpro.com\/es\/capacidad-tecnica-y-equipo-humano\/","name":"Capacidad t\u00e9cnica y equipo humano | Aleak Prototype","isPartOf":{"@id":"https:\/\/www.aleakpro.com\/es\/#website"},"datePublished":"2018-07-05T07:52:18+00:00","dateModified":"2023-07-06T12:34:46+00:00","description":"Aleak est\u00e1 provista de medios t\u00e9cnicos adaptados a las necesidades de producci\u00f3n y cuenta con las m\u00e1s avanzadas tecnolog\u00edas de fabricaci\u00f3n de prototipos y series cortas. Un equipo humano con amplia experiencia en el sector.","breadcrumb":{"@id":"https:\/\/www.aleakpro.com\/es\/capacidad-tecnica-y-equipo-humano\/#breadcrumb"},"inLanguage":"es","potentialAction":[{"@type":"ReadAction","target":["https:\/\/www.aleakpro.com\/es\/capacidad-tecnica-y-equipo-humano\/"]}]},{"@type":"BreadcrumbList","@id":"https:\/\/www.aleakpro.com\/es\/capacidad-tecnica-y-equipo-humano\/#breadcrumb","itemListElement":[{"@type":"ListItem","position":1,"name":"Portada","item":"https:\/\/www.aleakpro.com\/es\/"},{"@type":"ListItem","position":2,"name":"Capacidad t\u00e9cnica y equipo humano"}]},{"@type":"WebSite","@id":"https:\/\/www.aleakpro.com\/es\/#website","url":"https:\/\/www.aleakpro.com\/es\/","name":"Aleak Prototype","description":"Mecanizados de Piezas Especiales bajo plano. Especializados en el desarrollo de series cortas y prototipos","potentialAction":[{"@type":"SearchAction","target":{"@type":"EntryPoint","urlTemplate":"https:\/\/www.aleakpro.com\/es\/?s={search_term_string}"},"query-input":{"@type":"PropertyValueSpecification","valueRequired":true,"valueName":"search_term_string"}}],"inLanguage":"es"}]}},"_links":{"self":[{"href":"https:\/\/www.aleakpro.com\/es\/wp-json\/wp\/v2\/pages\/30556","targetHints":{"allow":["GET"]}}],"collection":[{"href":"https:\/\/www.aleakpro.com\/es\/wp-json\/wp\/v2\/pages"}],"about":[{"href":"https:\/\/www.aleakpro.com\/es\/wp-json\/wp\/v2\/types\/page"}],"author":[{"embeddable":true,"href":"https:\/\/www.aleakpro.com\/es\/wp-json\/wp\/v2\/users\/1"}],"replies":[{"embeddable":true,"href":"https:\/\/www.aleakpro.com\/es\/wp-json\/wp\/v2\/comments?post=30556"}],"version-history":[{"count":2,"href":"https:\/\/www.aleakpro.com\/es\/wp-json\/wp\/v2\/pages\/30556\/revisions"}],"predecessor-version":[{"id":32925,"href":"https:\/\/www.aleakpro.com\/es\/wp-json\/wp\/v2\/pages\/30556\/revisions\/32925"}],"wp:attachment":[{"href":"https:\/\/www.aleakpro.com\/es\/wp-json\/wp\/v2\/media?parent=30556"}],"curies":[{"name":"wp","href":"https:\/\/api.w.org\/{rel}","templated":true}]}}