{"id":30549,"date":"2023-05-03T10:48:34","date_gmt":"2023-05-03T10:48:34","guid":{"rendered":"http:\/\/www.aleakpro.com\/?page_id=30549"},"modified":"2023-05-31T10:51:22","modified_gmt":"2023-05-31T10:51:22","slug":"contacto","status":"publish","type":"page","link":"https:\/\/www.aleakpro.com\/es\/contacto\/","title":{"rendered":"Contacto"},"content":{"rendered":"<div class=\"wpb-content-wrapper\"><p>[vc_row][vc_column][vc_empty_space][vc_custom_heading source=\u00bbpost_title\u00bb font_container=\u00bbtag:h1|text_align:left|color:%23218b86&#8243; use_theme_fonts=\u00bbyes\u00bb][vc_empty_space][\/vc_column][\/vc_row][vc_row][vc_column width=\u00bb1\/3&#8243;][vc_custom_heading text=\u00bb\u00bfPodemos Ayudarte?\u00bb use_theme_fonts=\u00bbyes\u00bb css=\u00bb.vc_custom_1539603936581{padding-bottom: 20px !important;}\u00bb][vc_column_text]<\/p>\n<p>A tu disposici\u00f3n para analizar tus necesidades sin compromiso con un servicio y atenci\u00f3n personalizados.<\/p>\n<p>[\/vc_column_text][vc_empty_space][vc_custom_heading text=\u00bbOficinas centrales\u00bb font_container=\u00bbtag:h4|font_size:20px|text_align:left|line_height:24px\u00bb use_theme_fonts=\u00bbyes\u00bb css=\u00bb.vc_custom_1539606862641{margin-bottom: 5px !important;padding-bottom: 0px !important;}\u00bb][vc_column_text]Pol. Ind. Tabernabarri<br \/>\nParcela 4a Pab 24<br \/>\n48215 Iurreta (Bizkaia)<br \/>\nSpain<\/p>\n<p>Tel.:<a style=\"text-decoration: none;\" href=\"tel:34946815257\">+34 946815257<\/a><\/p>\n<p><a href=\"&#109;a&#x69;l&#x74;o&#x3a;&#97;&#x6c;&#101;&#x61;&#107;p&#x72;o&#x40;a&#x6c;&#101;&#x61;&#107;&#x70;&#114;&#x6f;&#46;c&#x6f;m;\" target=\"_blank\" rel=\"noopener noreferrer\">alea&#107;&#112;&#114;&#111;&#64;&#97;&#108;&#x65;&#x61;&#x6b;&#x70;&#x72;&#x6f;&#x2e;&#x63;&#x6f;m<\/a>[\/vc_column_text][vc_empty_space][\/vc_column][vc_column width=\u00bb2\/3&#8243;]\n<div class=\"wpcf7 no-js\" id=\"wpcf7-f31298-o1\" lang=\"es-ES\" dir=\"ltr\" data-wpcf7-id=\"31298\">\n<div class=\"screen-reader-response\"><p role=\"status\" aria-live=\"polite\" aria-atomic=\"true\"><\/p> <ul><\/ul><\/div>\n<form action=\"\/es\/wp-json\/wp\/v2\/pages\/30549#wpcf7-f31298-o1\" method=\"post\" class=\"wpcf7-form init\" aria-label=\"Formulario de contacto\" novalidate=\"novalidate\" data-status=\"init\">\n<fieldset class=\"hidden-fields-container\"><input type=\"hidden\" name=\"_wpcf7\" value=\"31298\" \/><input type=\"hidden\" name=\"_wpcf7_version\" value=\"6.1.1\" \/><input type=\"hidden\" name=\"_wpcf7_locale\" value=\"es_ES\" \/><input type=\"hidden\" name=\"_wpcf7_unit_tag\" value=\"wpcf7-f31298-o1\" \/><input type=\"hidden\" name=\"_wpcf7_container_post\" value=\"0\" \/><input type=\"hidden\" name=\"_wpcf7_posted_data_hash\" value=\"\" \/>\n<\/fieldset>\n<div id=\"formHablamos\">\n\t<div style=\"float:left; width:100%;\">\n\t\t<div style=\"float:left; width:49%; margin-right:2%;\">\n\t\t\t<p><span class=\"wpcf7-form-control-wrap\" data-name=\"text-199\"><input size=\"40\" maxlength=\"400\" class=\"wpcf7-form-control wpcf7-text wpcf7-validates-as-required\" aria-required=\"true\" aria-invalid=\"false\" placeholder=\"Nombre\" value=\"\" type=\"text\" name=\"text-199\" \/><\/span>\n\t\t\t<\/p>\n\t\t<\/div>\n\t\t<div style=\"float:right; width:49%;\">\n\t\t\t<p><span class=\"wpcf7-form-control-wrap\" data-name=\"tel-67\"><input size=\"40\" maxlength=\"400\" class=\"wpcf7-form-control wpcf7-tel wpcf7-validates-as-required wpcf7-text wpcf7-validates-as-tel\" aria-required=\"true\" aria-invalid=\"false\" placeholder=\"Tel\u00e9fono\" value=\"\" type=\"tel\" name=\"tel-67\" \/><\/span>\n\t\t\t<\/p>\n\t\t<\/div>\n\t<\/div>\n\t<div style=\"float:left;width:100%;\">\n\t\t<p><span class=\"wpcf7-form-control-wrap\" data-name=\"email-281\"><input size=\"40\" maxlength=\"400\" class=\"wpcf7-form-control wpcf7-email wpcf7-validates-as-required wpcf7-text wpcf7-validates-as-email\" aria-required=\"true\" aria-invalid=\"false\" placeholder=\"Correo electr\u00f3nico\" value=\"\" type=\"email\" name=\"email-281\" \/><\/span>\n\t\t<\/p>\n\t<\/div>\n\t<div class=\"textAreaHablamos\" style=\"float:left;width:100%;\">\n\t\t<p><span class=\"wpcf7-form-control-wrap\" data-name=\"textarea-613\"><textarea cols=\"40\" rows=\"10\" maxlength=\"2000\" class=\"wpcf7-form-control wpcf7-textarea\" aria-invalid=\"false\" placeholder=\"Cu\u00e9ntanos en qu\u00e9 podemos ayudarte\" name=\"textarea-613\"><\/textarea><\/span>\n\t\t<\/p>\n\t<\/div>\n\t<div style=\"float:left; width:100%;\">\n\t\t<div id=\"cf7sr-69eb80ee4602b\" class=\"cf7sr-g-recaptcha\" data-theme=\"light\" data-type=\"image\" data-size=\"normal\" data-sitekey=\"6LdhPoEUAAAAAFQ91YkqyCiuxp-n8Tb7VVQDHoVA\"><\/div><span class=\"wpcf7-form-control-wrap cf7sr-recaptcha\" data-name=\"cf7sr-recaptcha\"><input type=\"hidden\" name=\"cf7sr-recaptcha\" value=\"\" class=\"wpcf7-form-control\"><\/span>\n\t\t<\/p>\n\t<\/div>\n\t<div style=\"float:left; margin-top:10px; margin-bottom:20px;\">\n\t\t<p><span class=\"wpcf7-form-control-wrap\" data-name=\"acepto-politica\"><span class=\"wpcf7-form-control wpcf7-checkbox wpcf7-validates-as-required\"><span class=\"wpcf7-list-item first last\"><input type=\"checkbox\" name=\"acepto-politica[]\" value=\"\" \/><span class=\"wpcf7-list-item-label\"><\/span><\/span><\/span><\/span>He le\u00eddo y acepto la <a href='https:\/\/www.aleakpro.com\/es\/politica-de-privacidad\/' style='text-decoration:underline'>pol\u00edtica de privacidad<\/a>\n\t\t<\/p>\n\t<\/div>\n\t<div style=\"float:right;\">\n\t\t<p><input class=\"wpcf7-form-control wpcf7-submit has-spinner\" type=\"submit\" value=\"Enviar\" \/>\n\t\t<\/p>\n\t<\/div>\n<\/div>\n<div>\n\t<p style=\"padding-top:20px; clear:both; font-size:11px;\">Los datos personales facilitados voluntariamente por usted, a trav\u00e9s del presente formulario web ser\u00e1n tratados, por ALEAK Prototype, S.L como responsable del tratamiento, con la finalidad de atender su solicitud, consulta, queja o sugerencia, sin que se produzca comunicaciones o cesiones de datos y conservados durante los plazos necesarios para atender su solicitud. Puede usted ejercer los derechos de acceso, rectificaci\u00f3n o supresi\u00f3n de sus datos, dirigi\u00e9ndose a <a href=\"m&#97;&#x69;&#x6c;&#x74;o&#58;&#105;&#x61;&#x67;u&#105;&#114;&#x72;&#x65;&#64;a&#108;&#x65;&#x61;&#x6b;p&#114;&#x6f;&#x2e;&#x63;o&#109;;\" style=\"color:#2dbdb6;\">&#x69;&#x61;&#x67;&#117;&#105;&#114;re&#x40;&#x61;&#x6c;&#x65;&#97;&#107;pr&#x6f;&#x2e;&#x63;&#x6f;&#109;<\/a>, para m\u00e1s informaci\u00f3n al respecto, puede consultar nuestra <a href=\"https:\/\/www.aleakpro.com\/es\/politica-de-privacidad\/\" style=\"color:#2dbdb6;\">Pol\u00edtica de Privacidad<\/a> en www.aleakpro.com.\n\t<\/p>\n<\/div><div class=\"wpcf7-response-output\" aria-hidden=\"true\"><\/div>\n<\/form>\n<\/div>\n[\/vc_column][\/vc_row][vc_row][vc_column][vc_empty_space height=\u00bb60px\u00bb][\/vc_column][\/vc_row][vc_row full_width=\u00bbtrue\u00bb][vc_column][vc_gmaps link=\u00bb#E-8_JTNDaWZyYW1lJTIwc3JjJTNEJTIyaHR0cHMlM0ElMkYlMkZ3d3cuZ29vZ2xlLmNvbSUyRm1hcHMlMkZlbWJlZCUzRnBiJTNEJTIxMW0xOCUyMTFtMTIlMjExbTMlMjExZDI5MDkuNDgxMDY2NDUyNzIyNiUyMTJkLTIuNjU2NzI5Mzg0NTEyMjQ3MyUyMTNkNDMuMTc4NDE1ODc5MTQwMzYlMjEybTMlMjExZjAlMjEyZjAlMjEzZjAlMjEzbTIlMjExaTEwMjQlMjEyaTc2OCUyMTRmMTMuMSUyMTNtMyUyMTFtMiUyMTFzMHhkNGUzMmZlYTQ5M2JhMzclMjUzQTB4YjhjOTJiMDc0ZjFlN2M1MiUyMTJzQWxlYWslMkJQcm90b3R5cGUlMjE1ZTAlMjEzbTIlMjExc2VzJTIxMnNlcyUyMTR2MTU0NDYxNzk1NTA4NyUyMiUyMHdpZHRoJTNEJTIyNjAwJTIyJTIwaGVpZ2h0JTNEJTIyNDUwJTIyJTIwZnJhbWVib3JkZXIlM0QlMjIwJTIyJTIwc3R5bGUlM0QlMjJib3JkZXIlM0EwJTIyJTIwYWxsb3dmdWxsc2NyZWVuJTNFJTNDJTJGaWZyYW1lJTNF\u00bb][\/vc_column][\/vc_row]<\/p>\n<\/div>","protected":false},"excerpt":{"rendered":"<p>[vc_row][vc_column][vc_empty_space][vc_custom_heading source=\u00bbpost_title\u00bb font_container=\u00bbtag:h1|text_align:left|color:%23218b86&#8243; use_theme_fonts=\u00bbyes\u00bb][vc_empty_space][\/vc_column][\/vc_row][vc_row][vc_column width=\u00bb1\/3&#8243;][vc_custom_heading text=\u00bb\u00bfPodemos Ayudarte?\u00bb use_theme_fonts=\u00bbyes\u00bb css=\u00bb.vc_custom_1539603936581{padding-bottom: 20px !important;}\u00bb][vc_column_text] A tu disposici\u00f3n para analizar tus necesidades sin compromiso con un servicio y atenci\u00f3n personalizados. [\/vc_column_text][vc_empty_space][vc_custom_heading text=\u00bbOficinas centrales\u00bb font_container=\u00bbtag:h4|font_size:20px|text_align:left|line_height:24px\u00bb use_theme_fonts=\u00bbyes\u00bb css=\u00bb.vc_custom_1539606862641{margin-bottom: 5px !important;padding-bottom: 0px !important;}\u00bb][vc_column_text]Pol. Ind. Tabernabarri Parcela 4a Pab 24 48215 Iurreta (Bizkaia) Spain Tel.:+34 946815257 &#x61;&#x6c;&#101;&#97;k&#x70;&#x72;&#x6f;&#64;al&#x65;&#x61;&#107;&#112;r&#x6f;&#x2e;&#x63;&#111;m[\/vc_column_text][vc_empty_space][\/vc_column][vc_column width=\u00bb2\/3&#8243;][\/vc_column][\/vc_row][vc_row][vc_column][vc_empty_space height=\u00bb60px\u00bb][\/vc_column][\/vc_row][vc_row full_width=\u00bbtrue\u00bb][vc_column][vc_gmaps link=\u00bb#E-8_JTNDaWZyYW1lJTIwc3JjJTNEJTIyaHR0cHMlM0ElMkYlMkZ3d3cuZ29vZ2xlLmNvbSUyRm1hcHMlMkZlbWJlZCUzRnBiJTNEJTIxMW0xOCUyMTFtMTIlMjExbTMlMjExZDI5MDkuNDgxMDY2NDUyNzIyNiUyMTJkLTIuNjU2NzI5Mzg0NTEyMjQ3MyUyMTNkNDMuMTc4NDE1ODc5MTQwMzYlMjEybTMlMjExZjAlMjEyZjAlMjEzZjAlMjEzbTIlMjExaTEwMjQlMjEyaTc2OCUyMTRmMTMuMSUyMTNtMyUyMTFtMiUyMTFzMHhkNGUzMmZlYTQ5M2JhMzclMjUzQTB4YjhjOTJiMDc0ZjFlN2M1MiUyMTJzQWxlYWslMkJQcm90b3R5cGUlMjE1ZTAlMjEzbTIlMjExc2VzJTIxMnNlcyUyMTR2MTU0NDYxNzk1NTA4NyUyMiUyMHdpZHRoJTNEJTIyNjAwJTIyJTIwaGVpZ2h0JTNEJTIyNDUwJTIyJTIwZnJhbWVib3JkZXIlM0QlMjIwJTIyJTIwc3R5bGUlM0QlMjJib3JkZXIlM0EwJTIyJTIwYWxsb3dmdWxsc2NyZWVuJTNFJTNDJTJGaWZyYW1lJTNF\u00bb][\/vc_column][\/vc_row]<\/p>\n","protected":false},"author":1,"featured_media":0,"parent":0,"menu_order":0,"comment_status":"closed","ping_status":"closed","template":"","meta":{"footnotes":""},"class_list":["post-30549","page","type-page","status-publish","hentry","description-off"],"yoast_head":"<!-- This site is optimized with the Yoast SEO plugin v26.0 - https:\/\/yoast.com\/wordpress\/plugins\/seo\/ -->\n<title>Contacto | Aleak Prototype<\/title>\n<meta name=\"robots\" content=\"index, follow, max-snippet:-1, max-image-preview:large, max-video-preview:-1\" \/>\n<link rel=\"canonical\" href=\"https:\/\/www.aleakpro.com\/es\/contacto\/\" \/>\n<meta property=\"og:locale\" content=\"es_ES\" \/>\n<meta property=\"og:type\" content=\"article\" \/>\n<meta property=\"og:title\" content=\"Contacto | Aleak Prototype\" \/>\n<meta property=\"og:description\" content=\"[vc_row][vc_column][vc_empty_space][vc_custom_heading source=\u00bbpost_title\u00bb font_container=\u00bbtag:h1|text_align:left|color:%23218b86&#8243; use_theme_fonts=\u00bbyes\u00bb][vc_empty_space][\/vc_column][\/vc_row][vc_row][vc_column width=\u00bb1\/3&#8243;][vc_custom_heading text=\u00bb\u00bfPodemos Ayudarte?\u00bb use_theme_fonts=\u00bbyes\u00bb css=\u00bb.vc_custom_1539603936581{padding-bottom: 20px !important;}\u00bb][vc_column_text] A tu disposici\u00f3n para analizar tus necesidades sin compromiso con un servicio y atenci\u00f3n personalizados. [\/vc_column_text][vc_empty_space][vc_custom_heading text=\u00bbOficinas centrales\u00bb font_container=\u00bbtag:h4|font_size:20px|text_align:left|line_height:24px\u00bb use_theme_fonts=\u00bbyes\u00bb css=\u00bb.vc_custom_1539606862641{margin-bottom: 5px !important;padding-bottom: 0px !important;}\u00bb][vc_column_text]Pol. Ind. Tabernabarri Parcela 4a Pab 24 48215 Iurreta (Bizkaia) Spain Tel.:+34 946815257 &#x61;&#x6c;&#x65;&#x61;&#x6b;&#x70;&#x72;&#x6f;&#x40;&#x61;&#x6c;&#x65;&#x61;&#x6b;&#x70;&#x72;&#x6f;&#x2e;&#x63;&#x6f;&#x6d;[\/vc_column_text][vc_empty_space][\/vc_column][vc_column width=\u00bb2\/3&#8243;][\/vc_column][\/vc_row][vc_row][vc_column][vc_empty_space height=\u00bb60px\u00bb][\/vc_column][\/vc_row][vc_row full_width=\u00bbtrue\u00bb][vc_column][vc_gmaps link=\u00bb#E-8_JTNDaWZyYW1lJTIwc3JjJTNEJTIyaHR0cHMlM0ElMkYlMkZ3d3cuZ29vZ2xlLmNvbSUyRm1hcHMlMkZlbWJlZCUzRnBiJTNEJTIxMW0xOCUyMTFtMTIlMjExbTMlMjExZDI5MDkuNDgxMDY2NDUyNzIyNiUyMTJkLTIuNjU2NzI5Mzg0NTEyMjQ3MyUyMTNkNDMuMTc4NDE1ODc5MTQwMzYlMjEybTMlMjExZjAlMjEyZjAlMjEzZjAlMjEzbTIlMjExaTEwMjQlMjEyaTc2OCUyMTRmMTMuMSUyMTNtMyUyMTFtMiUyMTFzMHhkNGUzMmZlYTQ5M2JhMzclMjUzQTB4YjhjOTJiMDc0ZjFlN2M1MiUyMTJzQWxlYWslMkJQcm90b3R5cGUlMjE1ZTAlMjEzbTIlMjExc2VzJTIxMnNlcyUyMTR2MTU0NDYxNzk1NTA4NyUyMiUyMHdpZHRoJTNEJTIyNjAwJTIyJTIwaGVpZ2h0JTNEJTIyNDUwJTIyJTIwZnJhbWVib3JkZXIlM0QlMjIwJTIyJTIwc3R5bGUlM0QlMjJib3JkZXIlM0EwJTIyJTIwYWxsb3dmdWxsc2NyZWVuJTNFJTNDJTJGaWZyYW1lJTNF\u00bb][\/vc_column][\/vc_row]\" \/>\n<meta property=\"og:url\" content=\"https:\/\/www.aleakpro.com\/es\/contacto\/\" \/>\n<meta property=\"og:site_name\" content=\"Aleak Prototype\" \/>\n<meta property=\"article:modified_time\" content=\"2023-05-31T10:51:22+00:00\" \/>\n<meta name=\"twitter:card\" content=\"summary_large_image\" \/>\n<meta name=\"twitter:label1\" content=\"Tiempo de lectura\" \/>\n\t<meta name=\"twitter:data1\" content=\"1 minuto\" \/>\n<script type=\"application\/ld+json\" class=\"yoast-schema-graph\">{\"@context\":\"https:\/\/schema.org\",\"@graph\":[{\"@type\":\"WebPage\",\"@id\":\"https:\/\/www.aleakpro.com\/es\/contacto\/\",\"url\":\"https:\/\/www.aleakpro.com\/es\/contacto\/\",\"name\":\"Contacto | Aleak Prototype\",\"isPartOf\":{\"@id\":\"https:\/\/www.aleakpro.com\/es\/#website\"},\"datePublished\":\"2023-05-03T10:48:34+00:00\",\"dateModified\":\"2023-05-31T10:51:22+00:00\",\"breadcrumb\":{\"@id\":\"https:\/\/www.aleakpro.com\/es\/contacto\/#breadcrumb\"},\"inLanguage\":\"es\",\"potentialAction\":[{\"@type\":\"ReadAction\",\"target\":[\"https:\/\/www.aleakpro.com\/es\/contacto\/\"]}]},{\"@type\":\"BreadcrumbList\",\"@id\":\"https:\/\/www.aleakpro.com\/es\/contacto\/#breadcrumb\",\"itemListElement\":[{\"@type\":\"ListItem\",\"position\":1,\"name\":\"Portada\",\"item\":\"https:\/\/www.aleakpro.com\/es\/\"},{\"@type\":\"ListItem\",\"position\":2,\"name\":\"Contacto\"}]},{\"@type\":\"WebSite\",\"@id\":\"https:\/\/www.aleakpro.com\/es\/#website\",\"url\":\"https:\/\/www.aleakpro.com\/es\/\",\"name\":\"Aleak Prototype\",\"description\":\"Mecanizados de Piezas Especiales bajo plano. Especializados en el desarrollo de series cortas y prototipos\",\"potentialAction\":[{\"@type\":\"SearchAction\",\"target\":{\"@type\":\"EntryPoint\",\"urlTemplate\":\"https:\/\/www.aleakpro.com\/es\/?s={search_term_string}\"},\"query-input\":{\"@type\":\"PropertyValueSpecification\",\"valueRequired\":true,\"valueName\":\"search_term_string\"}}],\"inLanguage\":\"es\"}]}<\/script>\n<!-- \/ Yoast SEO plugin. -->","yoast_head_json":{"title":"Contacto | Aleak Prototype","robots":{"index":"index","follow":"follow","max-snippet":"max-snippet:-1","max-image-preview":"max-image-preview:large","max-video-preview":"max-video-preview:-1"},"canonical":"https:\/\/www.aleakpro.com\/es\/contacto\/","og_locale":"es_ES","og_type":"article","og_title":"Contacto | Aleak Prototype","og_description":"[vc_row][vc_column][vc_empty_space][vc_custom_heading source=\u00bbpost_title\u00bb font_container=\u00bbtag:h1|text_align:left|color:%23218b86&#8243; use_theme_fonts=\u00bbyes\u00bb][vc_empty_space][\/vc_column][\/vc_row][vc_row][vc_column width=\u00bb1\/3&#8243;][vc_custom_heading text=\u00bb\u00bfPodemos Ayudarte?\u00bb use_theme_fonts=\u00bbyes\u00bb css=\u00bb.vc_custom_1539603936581{padding-bottom: 20px !important;}\u00bb][vc_column_text] A tu disposici\u00f3n para analizar tus necesidades sin compromiso con un servicio y atenci\u00f3n personalizados. [\/vc_column_text][vc_empty_space][vc_custom_heading text=\u00bbOficinas centrales\u00bb font_container=\u00bbtag:h4|font_size:20px|text_align:left|line_height:24px\u00bb use_theme_fonts=\u00bbyes\u00bb css=\u00bb.vc_custom_1539606862641{margin-bottom: 5px !important;padding-bottom: 0px !important;}\u00bb][vc_column_text]Pol. Ind. Tabernabarri Parcela 4a Pab 24 48215 Iurreta (Bizkaia) Spain Tel.:+34 946815257 &#x61;&#x6c;&#x65;&#x61;&#x6b;&#x70;&#x72;&#x6f;&#x40;&#x61;&#x6c;&#x65;&#x61;&#x6b;&#x70;&#x72;&#x6f;&#x2e;&#x63;&#x6f;&#x6d;[\/vc_column_text][vc_empty_space][\/vc_column][vc_column width=\u00bb2\/3&#8243;][\/vc_column][\/vc_row][vc_row][vc_column][vc_empty_space height=\u00bb60px\u00bb][\/vc_column][\/vc_row][vc_row full_width=\u00bbtrue\u00bb][vc_column][vc_gmaps link=\u00bb#E-8_JTNDaWZyYW1lJTIwc3JjJTNEJTIyaHR0cHMlM0ElMkYlMkZ3d3cuZ29vZ2xlLmNvbSUyRm1hcHMlMkZlbWJlZCUzRnBiJTNEJTIxMW0xOCUyMTFtMTIlMjExbTMlMjExZDI5MDkuNDgxMDY2NDUyNzIyNiUyMTJkLTIuNjU2NzI5Mzg0NTEyMjQ3MyUyMTNkNDMuMTc4NDE1ODc5MTQwMzYlMjEybTMlMjExZjAlMjEyZjAlMjEzZjAlMjEzbTIlMjExaTEwMjQlMjEyaTc2OCUyMTRmMTMuMSUyMTNtMyUyMTFtMiUyMTFzMHhkNGUzMmZlYTQ5M2JhMzclMjUzQTB4YjhjOTJiMDc0ZjFlN2M1MiUyMTJzQWxlYWslMkJQcm90b3R5cGUlMjE1ZTAlMjEzbTIlMjExc2VzJTIxMnNlcyUyMTR2MTU0NDYxNzk1NTA4NyUyMiUyMHdpZHRoJTNEJTIyNjAwJTIyJTIwaGVpZ2h0JTNEJTIyNDUwJTIyJTIwZnJhbWVib3JkZXIlM0QlMjIwJTIyJTIwc3R5bGUlM0QlMjJib3JkZXIlM0EwJTIyJTIwYWxsb3dmdWxsc2NyZWVuJTNFJTNDJTJGaWZyYW1lJTNF\u00bb][\/vc_column][\/vc_row]","og_url":"https:\/\/www.aleakpro.com\/es\/contacto\/","og_site_name":"Aleak Prototype","article_modified_time":"2023-05-31T10:51:22+00:00","twitter_card":"summary_large_image","twitter_misc":{"Tiempo de lectura":"1 minuto"},"schema":{"@context":"https:\/\/schema.org","@graph":[{"@type":"WebPage","@id":"https:\/\/www.aleakpro.com\/es\/contacto\/","url":"https:\/\/www.aleakpro.com\/es\/contacto\/","name":"Contacto | Aleak Prototype","isPartOf":{"@id":"https:\/\/www.aleakpro.com\/es\/#website"},"datePublished":"2023-05-03T10:48:34+00:00","dateModified":"2023-05-31T10:51:22+00:00","breadcrumb":{"@id":"https:\/\/www.aleakpro.com\/es\/contacto\/#breadcrumb"},"inLanguage":"es","potentialAction":[{"@type":"ReadAction","target":["https:\/\/www.aleakpro.com\/es\/contacto\/"]}]},{"@type":"BreadcrumbList","@id":"https:\/\/www.aleakpro.com\/es\/contacto\/#breadcrumb","itemListElement":[{"@type":"ListItem","position":1,"name":"Portada","item":"https:\/\/www.aleakpro.com\/es\/"},{"@type":"ListItem","position":2,"name":"Contacto"}]},{"@type":"WebSite","@id":"https:\/\/www.aleakpro.com\/es\/#website","url":"https:\/\/www.aleakpro.com\/es\/","name":"Aleak Prototype","description":"Mecanizados de Piezas Especiales bajo plano. Especializados en el desarrollo de series cortas y prototipos","potentialAction":[{"@type":"SearchAction","target":{"@type":"EntryPoint","urlTemplate":"https:\/\/www.aleakpro.com\/es\/?s={search_term_string}"},"query-input":{"@type":"PropertyValueSpecification","valueRequired":true,"valueName":"search_term_string"}}],"inLanguage":"es"}]}},"_links":{"self":[{"href":"https:\/\/www.aleakpro.com\/es\/wp-json\/wp\/v2\/pages\/30549","targetHints":{"allow":["GET"]}}],"collection":[{"href":"https:\/\/www.aleakpro.com\/es\/wp-json\/wp\/v2\/pages"}],"about":[{"href":"https:\/\/www.aleakpro.com\/es\/wp-json\/wp\/v2\/types\/page"}],"author":[{"embeddable":true,"href":"https:\/\/www.aleakpro.com\/es\/wp-json\/wp\/v2\/users\/1"}],"replies":[{"embeddable":true,"href":"https:\/\/www.aleakpro.com\/es\/wp-json\/wp\/v2\/comments?post=30549"}],"version-history":[{"count":2,"href":"https:\/\/www.aleakpro.com\/es\/wp-json\/wp\/v2\/pages\/30549\/revisions"}],"predecessor-version":[{"id":32879,"href":"https:\/\/www.aleakpro.com\/es\/wp-json\/wp\/v2\/pages\/30549\/revisions\/32879"}],"wp:attachment":[{"href":"https:\/\/www.aleakpro.com\/es\/wp-json\/wp\/v2\/media?parent=30549"}],"curies":[{"name":"wp","href":"https:\/\/api.w.org\/{rel}","templated":true}]}}