{"id":30543,"date":"2023-04-29T07:46:24","date_gmt":"2023-04-29T07:46:24","guid":{"rendered":"http:\/\/www.aleakpro.com\/?page_id=30543"},"modified":"2023-05-31T10:53:29","modified_gmt":"2023-05-31T10:53:29","slug":"que-hacemos","status":"publish","type":"page","link":"https:\/\/www.aleakpro.com\/es\/sobre-nosotros\/que-hacemos\/","title":{"rendered":"\u00bfQu\u00e9 hacemos?"},"content":{"rendered":"<div class=\"wpb-content-wrapper\"><p>[vc_row][vc_column][vc_empty_space][vc_custom_heading source=\u00bbpost_title\u00bb font_container=\u00bbtag:h1|text_align:left|color:%23218b86&#8243; use_theme_fonts=\u00bbyes\u00bb][\/vc_column][\/vc_row][vc_row][vc_column width=\u00bb1\/3&#8243; offset=\u00bbvc_col-lg-4 vc_col-md-6&#8243;][vc_empty_space][vc_column_text css_animation=\u00bbfadeIn\u00bb]<strong>Aleak <\/strong>est\u00e1 especializada en el desarrollo de <strong>series cortas y prototipos<\/strong>, y en definitiva, en la fabricaci\u00f3n de todas aquellas piezas que exijan de un proceso de fabricaci\u00f3n especial y a medida.<\/p>\n<p>Nuestros servicios est\u00e1n orientados al sector de la\u00a0automoci\u00f3n, si bien tambi\u00e9n podemos fabricar piezas para el sector de las energ\u00edas renovables (solar y e\u00f3lico) y el sector aeron\u00e1utico.<\/p>\n<p>Damos respuesta a las necesidades de las empresas que requieran del desarrollo de piezas especiales y a medida con procesos de <strong>estampaci\u00f3n en fr\u00edo o en caliente<\/strong>.[\/vc_column_text][vc_empty_space][\/vc_column][vc_column width=\u00bb2\/3&#8243; offset=\u00bbvc_col-lg-8 vc_col-md-6&#8243;][vc_single_image image=\u00bb31441&#8243; img_size=\u00bbfull\u00bb alignment=\u00bbcenter\u00bb css_animation=\u00bbfadeIn\u00bb][\/vc_column][\/vc_row][vc_row][vc_column]<div class=\"hr-thin style-line\" style=\"width: 100%;\"><\/div>[vc_empty_space height=\u00bb60px\u00bb][\/vc_column][\/vc_row][vc_row][vc_column width=\u00bb1\/2&#8243;][vc_single_image image=\u00bb31154&#8243; img_size=\u00bbfull\u00bb alignment=\u00bbright\u00bb][vc_empty_space][\/vc_column][vc_column width=\u00bb1\/2&#8243;][vc_custom_heading text=\u00bbNuestros valores\u00bb use_theme_fonts=\u00bbyes\u00bb css=\u00bb.vc_custom_1539170431819{padding-bottom: 20px !important;}\u00bb][vc_custom_heading text=\u00bbApostamos por el trabajo bien hecho\u00bb font_container=\u00bbtag:h3|text_align:left\u00bb use_theme_fonts=\u00bbyes\u00bb css=\u00bb.vc_custom_1539167471595{padding-bottom: 20px !important;}\u00bb][vc_column_text]Los profesionales de <strong>Aleak <\/strong>provienen de empresas relacionadas con la fabricaci\u00f3n de piezas de serie larga, cuyos procesos son mucho m\u00e1s exigentes. Aplicamos ese conocimiento del sistema de automatizaci\u00f3n y el nivel de exigencia a la fabricaci\u00f3n de series cortas.<\/p>\n<p>Nuestro valor a\u00f1adido es el servicio que ofrecemos y nuestro conocimiento de los procesos y del mercado.<\/p>\n<p>Manejamos toda la cadena de valor en la estampaci\u00f3n de series cortas y destacamos en la flexibilidad que ofrecemos a nuestros clientes.[\/vc_column_text][\/vc_column][\/vc_row][vc_row][vc_column][\/vc_column][\/vc_row][vc_row][vc_column width=\u00bb1\/2&#8243;][vc_empty_space height=\u00bb60px\u00bb][vc_custom_heading text=\u00bbCalidad, seriedad, servicio, profesionalidad, flexibilidad\u00bb font_container=\u00bbtag:h3|text_align:left\u00bb use_theme_fonts=\u00bbyes\u00bb css=\u00bb.vc_custom_1539240076453{padding-bottom: 20px !important;}\u00bb][vc_custom_heading text=\u00bbExpertos en proceso\u00bb font_container=\u00bbtag:h4|text_align:left\u00bb use_theme_fonts=\u00bbyes\u00bb][vc_column_text]<strong>Aleak<\/strong> destaca por su conocimiento de los procesos de producci\u00f3n de series cortas y prototipo. Somos capaces de abordar cualquier desarrollo.[\/vc_column_text][vc_empty_space][\/vc_column][vc_column width=\u00bb1\/2&#8243;][vc_single_image image=\u00bb31626&#8243; img_size=\u00bbfull\u00bb alignment=\u00bbcenter\u00bb style=\u00bbvc_box_rounded\u00bb][\/vc_column][\/vc_row][vc_row type=\u00bb1&#8243; bg_color=\u00bb#f5f5f5&#8243; bg_position=\u00bbbottom\u00bb bg_image=\u00bbhttps:\/\/www.aleakpro.com\/wp-content\/uploads\/2018\/10\/aleak-que-hacemos-tecnologias-fabricacion.jpg\u00bb][vc_column]<div class=\"hr-thin style-line\" style=\"width: 100%;\"><\/div>[vc_empty_space height=\u00bb60px\u00bb][vc_custom_heading text=\u00bbProductos y tecnolog\u00edas\u00bb font_container=\u00bbtag:h2|text_align:center\u00bb use_theme_fonts=\u00bbyes\u00bb css=\u00bb.vc_custom_1539243728543{padding-bottom: 30px !important;}\u00bb][vc_row_inner][vc_column_inner width=\u00bb1\/4&#8243;][vc_single_image image=\u00bb31970&#8243; img_size=\u00bb200&#215;200&#8243; alignment=\u00bbcenter\u00bb css_animation=\u00bbfadeInUp\u00bb][vc_custom_heading text=\u00bbEstampaci\u00f3n en fr\u00edo\u00bb font_container=\u00bbtag:h3|font_size:17px|text_align:center|line_height:20px\u00bb use_theme_fonts=\u00bbyes\u00bb css_animation=\u00bbfadeInDown\u00bb css=\u00bb.vc_custom_1539171426807{padding-top: 10px !important;padding-right: 15px !important;padding-bottom: 20px !important;padding-left: 15px !important;}\u00bb][\/vc_column_inner][vc_column_inner width=\u00bb1\/4&#8243;][vc_single_image image=\u00bb31973&#8243; img_size=\u00bb200&#215;200&#8243; alignment=\u00bbcenter\u00bb css_animation=\u00bbfadeInUp\u00bb][vc_custom_heading text=\u00bbEstampaci\u00f3n en caliente\u00bb font_container=\u00bbtag:h3|font_size:17px|text_align:center|line_height:20px\u00bb use_theme_fonts=\u00bbyes\u00bb css_animation=\u00bbfadeInDown\u00bb css=\u00bb.vc_custom_1539171459321{padding-top: 10px !important;padding-right: 15px !important;padding-bottom: 20px !important;padding-left: 15px !important;}\u00bb][\/vc_column_inner][vc_column_inner width=\u00bb1\/4&#8243;][vc_single_image image=\u00bb31976&#8243; img_size=\u00bb200&#215;200&#8243; alignment=\u00bbcenter\u00bb css_animation=\u00bbfadeInUp\u00bb][vc_custom_heading text=\u00bbPiezas de chasis\u00bb font_container=\u00bbtag:h3|font_size:17px|text_align:center|line_height:20px\u00bb use_theme_fonts=\u00bbyes\u00bb css_animation=\u00bbfadeInDown\u00bb css=\u00bb.vc_custom_1539171469962{padding-top: 10px !important;padding-right: 15px !important;padding-bottom: 20px !important;padding-left: 15px !important;}\u00bb][\/vc_column_inner][vc_column_inner width=\u00bb1\/4&#8243;][vc_single_image image=\u00bb31967&#8243; img_size=\u00bb200&#215;200&#8243; alignment=\u00bbcenter\u00bb css_animation=\u00bbfadeInUp\u00bb][vc_custom_heading text=\u00bbPiezas de Body in White (BIW)\u00bb font_container=\u00bbtag:h3|font_size:17px|text_align:center|line_height:20px\u00bb use_theme_fonts=\u00bbyes\u00bb css_animation=\u00bbfadeInDown\u00bb css=\u00bb.vc_custom_1547033131519{padding-top: 10px !important;padding-right: 15px !important;padding-bottom: 20px !important;padding-left: 15px !important;}\u00bb][\/vc_column_inner][\/vc_row_inner][vc_row_inner][vc_column_inner][vc_column_text css_animation=\u00bbfadeIn\u00bb]<\/p>\n<p style=\"text-align: center;\">Trabajamos diversos materiales, incluyendo toda la gama de aceros y aluminio.<br \/>\nElaboramos piezas para ensayos con distintas tolerancias.<\/p>\n<p>[\/vc_column_text][vc_empty_space height=\u00bb20px\u00bb][\/vc_column_inner][\/vc_row_inner][vc_row_inner css=\u00bb.vc_custom_1539938263307{margin-bottom: 0px !important;padding-bottom: 0px !important;background-position: 0 0 !important;background-repeat: no-repeat !important;}\u00bb][vc_column_inner width=\u00bb1\/2&#8243; offset=\u00bbvc_col-lg-offset-8 vc_col-lg-4 vc_col-md-offset-8 vc_col-md-4&#8243; css=\u00bb.vc_custom_1544443047038{margin-top: 50px !important;margin-bottom: 60px !important;padding-top: 30px !important;padding-right: 30px !important;padding-bottom: 30px !important;padding-left: 30px !important;background-color: rgba(255,255,255,0.9) !important;*background-color: rgb(255,255,255) !important;}\u00bb][vc_custom_heading text=\u00bbSoftwares\u00bb font_container=\u00bbtag:h4|text_align:left\u00bb use_theme_fonts=\u00bbyes\u00bb][vc_empty_space height=\u00bb15px\u00bb]<div class=\"standard-arrow\"><ul>\n<li>Catia V5 (5 licencias)<\/li>\n<li>Cimatron<\/li>\n<li>Autoform (1 licencia)<\/li>\n<li>Tebis (1 licencia)<\/li>\n<li>M3<\/li>\n<li>CAM2<\/li>\n<li>Maestro<\/li>\n<\/ul>\n<\/div>[\/vc_column_inner][\/vc_row_inner][\/vc_column][\/vc_row]<\/p>\n<\/div>","protected":false},"excerpt":{"rendered":"<p>[vc_row][vc_column][vc_empty_space][vc_custom_heading source=\u00bbpost_title\u00bb font_container=\u00bbtag:h1|text_align:left|color:%23218b86&#8243; use_theme_fonts=\u00bbyes\u00bb][\/vc_column][\/vc_row][vc_row][vc_column width=\u00bb1\/3&#8243; offset=\u00bbvc_col-lg-4 vc_col-md-6&#8243;][vc_empty_space][vc_column_text css_animation=\u00bbfadeIn\u00bb]Aleak est\u00e1 especializada en el desarrollo de series cortas y prototipos, y en definitiva, en la fabricaci\u00f3n de todas aquellas piezas que exijan de un proceso de fabricaci\u00f3n especial y a medida. Nuestros servicios est\u00e1n orientados al sector de la\u00a0automoci\u00f3n, si bien tambi\u00e9n podemos fabricar piezas para el&hellip;<\/p>\n","protected":false},"author":1,"featured_media":0,"parent":30605,"menu_order":0,"comment_status":"closed","ping_status":"closed","template":"","meta":{"footnotes":""},"class_list":["post-30543","page","type-page","status-publish","hentry","description-off"],"yoast_head":"<!-- This site is optimized with the Yoast SEO plugin v26.0 - https:\/\/yoast.com\/wordpress\/plugins\/seo\/ -->\n<title>\u00bfQu\u00e9 hacemos? | Aleak Prototype<\/title>\n<meta name=\"robots\" content=\"index, follow, max-snippet:-1, max-image-preview:large, max-video-preview:-1\" \/>\n<link rel=\"canonical\" href=\"https:\/\/www.aleakpro.com\/es\/sobre-nosotros\/que-hacemos\/\" \/>\n<meta property=\"og:locale\" content=\"es_ES\" \/>\n<meta property=\"og:type\" content=\"article\" \/>\n<meta property=\"og:title\" content=\"\u00bfQu\u00e9 hacemos? | Aleak Prototype\" \/>\n<meta property=\"og:description\" content=\"[vc_row][vc_column][vc_empty_space][vc_custom_heading source=\u00bbpost_title\u00bb font_container=\u00bbtag:h1|text_align:left|color:%23218b86&#8243; use_theme_fonts=\u00bbyes\u00bb][\/vc_column][\/vc_row][vc_row][vc_column width=\u00bb1\/3&#8243; offset=\u00bbvc_col-lg-4 vc_col-md-6&#8243;][vc_empty_space][vc_column_text css_animation=\u00bbfadeIn\u00bb]Aleak est\u00e1 especializada en el desarrollo de series cortas y prototipos, y en definitiva, en la fabricaci\u00f3n de todas aquellas piezas que exijan de un proceso de fabricaci\u00f3n especial y a medida. Nuestros servicios est\u00e1n orientados al sector de la\u00a0automoci\u00f3n, si bien tambi\u00e9n podemos fabricar piezas para el&hellip;\" \/>\n<meta property=\"og:url\" content=\"https:\/\/www.aleakpro.com\/es\/sobre-nosotros\/que-hacemos\/\" \/>\n<meta property=\"og:site_name\" content=\"Aleak Prototype\" \/>\n<meta property=\"article:modified_time\" content=\"2023-05-31T10:53:29+00:00\" \/>\n<meta name=\"twitter:card\" content=\"summary_large_image\" \/>\n<meta name=\"twitter:label1\" content=\"Tiempo de lectura\" \/>\n\t<meta name=\"twitter:data1\" content=\"5 minutos\" \/>\n<script type=\"application\/ld+json\" class=\"yoast-schema-graph\">{\"@context\":\"https:\/\/schema.org\",\"@graph\":[{\"@type\":\"WebPage\",\"@id\":\"https:\/\/www.aleakpro.com\/es\/sobre-nosotros\/que-hacemos\/\",\"url\":\"https:\/\/www.aleakpro.com\/es\/sobre-nosotros\/que-hacemos\/\",\"name\":\"\u00bfQu\u00e9 hacemos? | Aleak Prototype\",\"isPartOf\":{\"@id\":\"https:\/\/www.aleakpro.com\/es\/#website\"},\"datePublished\":\"2023-04-29T07:46:24+00:00\",\"dateModified\":\"2023-05-31T10:53:29+00:00\",\"breadcrumb\":{\"@id\":\"https:\/\/www.aleakpro.com\/es\/sobre-nosotros\/que-hacemos\/#breadcrumb\"},\"inLanguage\":\"es\",\"potentialAction\":[{\"@type\":\"ReadAction\",\"target\":[\"https:\/\/www.aleakpro.com\/es\/sobre-nosotros\/que-hacemos\/\"]}]},{\"@type\":\"BreadcrumbList\",\"@id\":\"https:\/\/www.aleakpro.com\/es\/sobre-nosotros\/que-hacemos\/#breadcrumb\",\"itemListElement\":[{\"@type\":\"ListItem\",\"position\":1,\"name\":\"Portada\",\"item\":\"https:\/\/www.aleakpro.com\/es\/\"},{\"@type\":\"ListItem\",\"position\":2,\"name\":\"Sobre Nosotros\",\"item\":\"https:\/\/www.aleakpro.com\/es\/sobre-nosotros\/\"},{\"@type\":\"ListItem\",\"position\":3,\"name\":\"\u00bfQu\u00e9 hacemos?\"}]},{\"@type\":\"WebSite\",\"@id\":\"https:\/\/www.aleakpro.com\/es\/#website\",\"url\":\"https:\/\/www.aleakpro.com\/es\/\",\"name\":\"Aleak Prototype\",\"description\":\"Mecanizados de Piezas Especiales bajo plano. Especializados en el desarrollo de series cortas y prototipos\",\"potentialAction\":[{\"@type\":\"SearchAction\",\"target\":{\"@type\":\"EntryPoint\",\"urlTemplate\":\"https:\/\/www.aleakpro.com\/es\/?s={search_term_string}\"},\"query-input\":{\"@type\":\"PropertyValueSpecification\",\"valueRequired\":true,\"valueName\":\"search_term_string\"}}],\"inLanguage\":\"es\"}]}<\/script>\n<!-- \/ Yoast SEO plugin. -->","yoast_head_json":{"title":"\u00bfQu\u00e9 hacemos? | Aleak Prototype","robots":{"index":"index","follow":"follow","max-snippet":"max-snippet:-1","max-image-preview":"max-image-preview:large","max-video-preview":"max-video-preview:-1"},"canonical":"https:\/\/www.aleakpro.com\/es\/sobre-nosotros\/que-hacemos\/","og_locale":"es_ES","og_type":"article","og_title":"\u00bfQu\u00e9 hacemos? | Aleak Prototype","og_description":"[vc_row][vc_column][vc_empty_space][vc_custom_heading source=\u00bbpost_title\u00bb font_container=\u00bbtag:h1|text_align:left|color:%23218b86&#8243; use_theme_fonts=\u00bbyes\u00bb][\/vc_column][\/vc_row][vc_row][vc_column width=\u00bb1\/3&#8243; offset=\u00bbvc_col-lg-4 vc_col-md-6&#8243;][vc_empty_space][vc_column_text css_animation=\u00bbfadeIn\u00bb]Aleak est\u00e1 especializada en el desarrollo de series cortas y prototipos, y en definitiva, en la fabricaci\u00f3n de todas aquellas piezas que exijan de un proceso de fabricaci\u00f3n especial y a medida. Nuestros servicios est\u00e1n orientados al sector de la\u00a0automoci\u00f3n, si bien tambi\u00e9n podemos fabricar piezas para el&hellip;","og_url":"https:\/\/www.aleakpro.com\/es\/sobre-nosotros\/que-hacemos\/","og_site_name":"Aleak Prototype","article_modified_time":"2023-05-31T10:53:29+00:00","twitter_card":"summary_large_image","twitter_misc":{"Tiempo de lectura":"5 minutos"},"schema":{"@context":"https:\/\/schema.org","@graph":[{"@type":"WebPage","@id":"https:\/\/www.aleakpro.com\/es\/sobre-nosotros\/que-hacemos\/","url":"https:\/\/www.aleakpro.com\/es\/sobre-nosotros\/que-hacemos\/","name":"\u00bfQu\u00e9 hacemos? | Aleak Prototype","isPartOf":{"@id":"https:\/\/www.aleakpro.com\/es\/#website"},"datePublished":"2023-04-29T07:46:24+00:00","dateModified":"2023-05-31T10:53:29+00:00","breadcrumb":{"@id":"https:\/\/www.aleakpro.com\/es\/sobre-nosotros\/que-hacemos\/#breadcrumb"},"inLanguage":"es","potentialAction":[{"@type":"ReadAction","target":["https:\/\/www.aleakpro.com\/es\/sobre-nosotros\/que-hacemos\/"]}]},{"@type":"BreadcrumbList","@id":"https:\/\/www.aleakpro.com\/es\/sobre-nosotros\/que-hacemos\/#breadcrumb","itemListElement":[{"@type":"ListItem","position":1,"name":"Portada","item":"https:\/\/www.aleakpro.com\/es\/"},{"@type":"ListItem","position":2,"name":"Sobre Nosotros","item":"https:\/\/www.aleakpro.com\/es\/sobre-nosotros\/"},{"@type":"ListItem","position":3,"name":"\u00bfQu\u00e9 hacemos?"}]},{"@type":"WebSite","@id":"https:\/\/www.aleakpro.com\/es\/#website","url":"https:\/\/www.aleakpro.com\/es\/","name":"Aleak Prototype","description":"Mecanizados de Piezas Especiales bajo plano. Especializados en el desarrollo de series cortas y prototipos","potentialAction":[{"@type":"SearchAction","target":{"@type":"EntryPoint","urlTemplate":"https:\/\/www.aleakpro.com\/es\/?s={search_term_string}"},"query-input":{"@type":"PropertyValueSpecification","valueRequired":true,"valueName":"search_term_string"}}],"inLanguage":"es"}]}},"_links":{"self":[{"href":"https:\/\/www.aleakpro.com\/es\/wp-json\/wp\/v2\/pages\/30543","targetHints":{"allow":["GET"]}}],"collection":[{"href":"https:\/\/www.aleakpro.com\/es\/wp-json\/wp\/v2\/pages"}],"about":[{"href":"https:\/\/www.aleakpro.com\/es\/wp-json\/wp\/v2\/types\/page"}],"author":[{"embeddable":true,"href":"https:\/\/www.aleakpro.com\/es\/wp-json\/wp\/v2\/users\/1"}],"replies":[{"embeddable":true,"href":"https:\/\/www.aleakpro.com\/es\/wp-json\/wp\/v2\/comments?post=30543"}],"version-history":[{"count":1,"href":"https:\/\/www.aleakpro.com\/es\/wp-json\/wp\/v2\/pages\/30543\/revisions"}],"predecessor-version":[{"id":32386,"href":"https:\/\/www.aleakpro.com\/es\/wp-json\/wp\/v2\/pages\/30543\/revisions\/32386"}],"up":[{"embeddable":true,"href":"https:\/\/www.aleakpro.com\/es\/wp-json\/wp\/v2\/pages\/30605"}],"wp:attachment":[{"href":"https:\/\/www.aleakpro.com\/es\/wp-json\/wp\/v2\/media?parent=30543"}],"curies":[{"name":"wp","href":"https:\/\/api.w.org\/{rel}","templated":true}]}}